{"id":7461,"date":"2016-11-14T13:43:47","date_gmt":"2016-11-14T12:43:47","guid":{"rendered":"https:\/\/locatus.com\/wie-is-locatus\/"},"modified":"2022-04-05T15:54:35","modified_gmt":"2022-04-05T13:54:35","slug":"sobre-locatus","status":"publish","type":"page","link":"https:\/\/locatus.com\/es\/sobre-locatus\/","title":{"rendered":"Sobre Locatus"},"content":{"rendered":"<p>Locatus naci\u00f3 de la demanda de informaci\u00f3n actualizada y uniforme sobre locales y zonas comerciales. En la \u00e9poca anterior a Locatus, los retailers recog\u00edan esta informaci\u00f3n por su cuenta y por separado. Era un trabajo que requer\u00eda mucho tiempo y dinero, dando lugar a varias bases de datos con caracter\u00edsticas parecidas, pero sin coherencia y con actualizaciones imprecisas. As\u00ed naci\u00f3 la idea desde el mismo sector de constituir una empresa especializada en la recogida de informaci\u00f3n objetiva sobre las tiendas y zonas comerciales. Para servir a todos.<\/p>\n<h2>Centr\u00e1ndose en Espa\u00f1a<\/h2>\n<p>Locatus comenz\u00f3 como anteriormente hemos explicado en 2000 con mapas (\u00a1en papel!) de las zonas comerciales y tiendas en los Pa\u00edses Bajos. En 2007 lleg\u00f3 al pa\u00eds vecino: B\u00e9lgica. En estos dos pa\u00edses Locatus ha integrado cada punto de venta y tienda que existe en el pa\u00eds: desde tiendas de ropa hasta supermercados, y desde peluquer\u00edas hasta restaurantes. A partir de 2012 la expansi\u00f3n internacional sigui\u00f3 a\u00f1adiendo a la base de datos las 50 ciudades m\u00e1s importantes de Europa. En 2017 Espa\u00f1a se convirti\u00f3 en el tercer pa\u00eds donde Locatus est\u00e1 establecido con el mismo objetivo final que en los Pa\u00edses Bajos y B\u00e9lgica: cubrir todo el mercado y as\u00ed servir al sector.<\/p>\n<h2>\u00bfCu\u00e1les son las ventajas que le puede dar trabajar con Locatus?<\/h2>\n<ul>\n<li>Incremento de la calidad de sus decisiones<\/li>\n<li>Evitar discusiones, ya que tiene a su disposici\u00f3n datos objetivos<\/li>\n<li>Ahorro de tiempo<\/li>\n<li>Menor necesidad de recursos internos<\/li>\n<li>Informes de gesti\u00f3n<\/li>\n<\/ul>\n<h2>Estamos para ayudarles<\/h2>\n<p>Si le gustar\u00eda saber m\u00e1s sobre nuestra empresa, nuestros productos y\/o nuestros servicios, por favor no dude en contactarnos. Rellene el formulario de contacto y le contactaremos en breve.<\/p>\n<form data-uniq-id=\"69e72ff888e51\" id=\"form2904\" enctype=\"application\/x-www-form-urlencoded\" class=\"mpForm\" method=\"post\" action=\"https:\/\/locatus.com\/es\/wp-json\/wp\/v2\/pages\/7461\/\/?accountid=0&formid=2904\">\n<div role=\"alert\" class=\"mpErrorSummary\" style=\"display:none\"><\/div>\n<ul class=\"mpFormTable mpTwoColumnLayout\">\n<li id=\"CNT3189\" class=\"mpQuestionTable  \" aria-labelledby=\"lbl-field3189\">\n<div class=\"mpFormLabel\"><label class=\"descriptionLabel\" for=\"field3189\" id=\"lbl-field3189\">Tratamiento<\/label><span class=\"mandatorySign\">&nbsp;*<\/span><\/div>\n<div class=\"mpFormField\" role=\"group\">\n<ul class=\"mpRadioButtonTable\" id=\"field3189\" data-errid=\"field3189-error\">\n<li><input type=\"radio\" value=\"Se\u00f1or\" id=\"field3189-1567\" name=\"field3189\" aria-labelledBy=\"lbl-field3189 lbl-field3189-1567\" class=\"mpMultipleInput\"><label class=\"mpMultipleLabel\" for=\"field3189-1567\" id=\"lbl-field3189-1567\">Se\u00f1or<\/label><\/li>\n<li><input type=\"radio\" value=\"Se\u00f1ora\" id=\"field3189-1568\" name=\"field3189\" aria-labelledBy=\"lbl-field3189 lbl-field3189-1568\" class=\"mpMultipleInput\"><label class=\"mpMultipleLabel\" for=\"field3189-1568\" id=\"lbl-field3189-1568\">Se\u00f1ora<\/label><\/li>\n<\/ul><\/div>\n<\/li>\n<li id=\"CNT3190\" class=\"mpQuestionTable  \" aria-labelledby=\"lbl-field3190\">\n<div class=\"mpFormLabel\"><label class=\"descriptionLabel\" for=\"field3190\" id=\"lbl-field3190\">Nombre<\/label><span class=\"mandatorySign\">&nbsp;*<\/span><\/div>\n<div class=\"mpFormField\"><input type=\"text\" id=\"field3190\" name=\"field3190\" data-errid=\"field3190-error\" autocomplete=\"given-name\"><\/div>\n<\/li>\n<li id=\"CNT3191\" class=\"mpQuestionTable  \" aria-labelledby=\"lbl-field3191\">\n<div class=\"mpFormLabel\"><label class=\"descriptionLabel\" for=\"field3191\" id=\"lbl-field3191\">Apellidos<\/label><span class=\"mandatorySign\">&nbsp;*<\/span><\/div>\n<div class=\"mpFormField\"><input type=\"text\" id=\"field3191\" name=\"field3191\" data-errid=\"field3191-error\" autocomplete=\"family-name\"><\/div>\n<\/li>\n<li id=\"CNT3187\" class=\"mpQuestionTable  \" aria-labelledby=\"lbl-field3187\" style=\"display:none;\">\n<div class=\"mpFormLabel\"><label class=\"descriptionLabel\" for=\"field3187\" id=\"lbl-field3187\">Email<\/label><\/div>\n<div class=\"mpFormField\"><input type=\"text\" id=\"field3187\" name=\"field3187\" data-errid=\"field3187-error\"><\/div>\n<\/li>\n<li id=\"CNT3192\" class=\"mpQuestionTable  \" aria-labelledby=\"lbl-field3192\">\n<div class=\"mpFormLabel\"><label class=\"descriptionLabel\" for=\"field3192\" id=\"lbl-field3192\">Empresa<\/label><span class=\"mandatorySign\">&nbsp;*<\/span><\/div>\n<div class=\"mpFormField\"><input type=\"text\" id=\"field3192\" name=\"field3192\" data-errid=\"field3192-error\"><\/div>\n<\/li>\n<li id=\"CNT3193\" class=\"mpQuestionTable  \" aria-labelledby=\"lbl-field3193\">\n<div class=\"mpFormLabel\"><label class=\"descriptionLabel\" for=\"field3193\" id=\"lbl-field3193\">Correo electr\u00f3nico<\/label><span class=\"mandatorySign\">&nbsp;*<\/span><\/div>\n<div class=\"mpFormField\"><input type=\"text\" id=\"field3193\" name=\"field3193\" data-errid=\"field3193-error\" autocomplete=\"email\"><\/div>\n<\/li>\n<li id=\"CNT3186\" class=\"mpQuestionTable  \" aria-labelledby=\"lbl-field3186\">\n<div class=\"mpFormLabel\"><label class=\"descriptionLabel\" for=\"field3186\" id=\"lbl-field3186\">3 + 3 =<\/label><span class=\"mandatorySign\">&nbsp;*<\/span><\/div>\n<div class=\"mpFormField\"><input type=\"text\" id=\"field3186\" name=\"field3186\" data-errid=\"field3186-error\"><\/div>\n<\/li>\n<li id=\"CNT3194\" class=\"mpQuestionTable  \" aria-labelledby=\"lbl-field3194\">\n<div class=\"mpFormLabel\"><label class=\"descriptionLabel\" for=\"field3194\" id=\"lbl-field3194\">Tel\u00e9fono<\/label><\/div>\n<div class=\"mpFormField\"><input type=\"text\" id=\"field3194\" name=\"field3194\" data-errid=\"field3194-error\"><\/div>\n<\/li>\n<li id=\"CNT3195\" class=\"mpQuestionTable  \" aria-labelledby=\"lbl-field3195\">\n<div class=\"mpFormLabel\"><label class=\"descriptionLabel\" for=\"field3195\" id=\"lbl-field3195\">Nota<\/label><\/div>\n<div class=\"mpFormField\"><textarea rows=\"4\" cols=\"20\" id=\"field3195\" name=\"field3195\" data-errid=\"field3195-error\"><\/textarea><\/div>\n<\/li>\n<li id=\"CNT3928\" class=\"mpQuestionTable  \" aria-labelledby=\"lbl-field3928\">\n<div class=\"mpFormLabel\"><label class=\"descriptionLabel\" for=\"field3928\" id=\"lbl-field3928\">Estoy interesado en<\/label><\/div>\n<div class=\"mpFormField\" role=\"group\">\n<ul id=\"field3928\" data-errid=\"field3928-error\">\n<li><input type=\"checkbox\" value=\"asistir a una demonstraci\u00f3n de Locatus Online\" id=\"field3928-1554\" name=\"field3928\" aria-labelledBy=\"lbl-field3928 lbl-field3928-1554\" class=\"mpMultipleInput\"><label class=\"mpMultipleLabel\" for=\"field3928-1554\" id=\"lbl-field3928-1554\">asistir a una demonstraci\u00f3n de Locatus Online<\/label><\/li>\n<li><input type=\"checkbox\" value=\"recibir el bolet\u00edn electr\u00f3nico de Locatus (6 - 8 veces al a\u00f1o)\" id=\"field3928-1553\" name=\"field3928\" aria-labelledBy=\"lbl-field3928 lbl-field3928-1553\" class=\"mpMultipleInput\"><label class=\"mpMultipleLabel\" for=\"field3928-1553\" id=\"lbl-field3928-1553\">recibir el bolet\u00edn electr\u00f3nico de Locatus (6 - 8 veces al a\u00f1o)<\/label><\/li>\n<\/ul><\/div>\n<\/li>\n<li id=\"CNT3188\" class=\"mpQuestionTable  \">\n<div class=\"mpLabelRow\">\n<div class=\"submitCellSpacer\"><span><\/span><\/div>\n<div class=\"submitCell\"><input value=\"Enviar\" class=\"submitButton\" name=\"next\" type=\"submit\" id=\"field3188\"><\/div>\n<\/p><\/div>\n<\/li>\n<\/ul>\n<fieldset style=\"display: none\"><input type=\"hidden\" name=\"userId\" value=\"314100337\"><input type=\"hidden\" name=\"formEncId\" value=\"t9vsG8egVxjLYKfTA4j6\"><input type=\"hidden\" name=\"pagePosition\" value=\"1\"><input type=\"hidden\" name=\"viewMode\" value=\"APIINTEGRATION\"><input type=\"hidden\" name=\"redir\" value=\"formAdmin2\"><input type=\"hidden\" name=\"formLayout\" value=\"N\"><input type=\"hidden\" name=\"errorText\" value=\"Este formulario no puede ser enviado, ya que falta informaci\u00f3n.\"><input type=\"hidden\" name=\"formLocationUrl\" id=\"formLocationUrl-form2904\"><input type=\"hidden\" name=\"abInfo\" value=\"rLszdyzpvEfgoa7S3SWV8xVwJDkksCwbWINid64eqgs0p0DTUhrMbVbHCYVchO0Jy6Uw1NM23EY94Go9iIZepMb0w6yR37txeVKNS0ExRmtCaUrdI5cWlXI9sIPGDbDlNe1ntkqInMSOlzGjuBVfdm30YHqoUG\/LXn3B6D+qU6MNdiUHl8J81mieTenQAqyX\"><\/fieldset>\n<\/form>\n<p><input type=\"hidden\" id=\"_form_nonce_69e72ff888e51\" name=\"_form_nonce_69e72ff888e51\" value=\"f5b7343072\" \/><input type=\"hidden\" name=\"_wp_http_referer\" value=\"\/es\/wp-json\/wp\/v2\/pages\/7461\" \/><input type=\"hidden\" name=\"_form_account_id_69e72ff888e51\" value=\"0\"\/><input type=\"hidden\" name=\"_form_id_69e72ff888e51\" value=\"2904\"\/><input type=\"hidden\" name=\"_form_enc_id_69e72ff888e51\" value=\"\"\/><\/p>\n","protected":false},"excerpt":{"rendered":"<p>Locatus naci\u00f3 de la demanda de informaci\u00f3n actualizada y uniforme sobre locales y zonas comerciales. En la \u00e9poca anterior a Locatus, los retailers recog\u00edan esta informaci\u00f3n por su cuenta y por separado. Era un trabajo que requer\u00eda mucho tiempo y dinero, dando lugar a varias bases de datos con caracter\u00edsticas parecidas, pero sin coherencia y [&hellip;]<\/p>\n","protected":false},"author":8,"featured_media":0,"parent":0,"menu_order":0,"comment_status":"closed","ping_status":"closed","template":"","meta":[],"acf":[],"yoast_head":"<!-- This site is optimized with the Yoast SEO plugin v20.4 - https:\/\/yoast.com\/wordpress\/plugins\/seo\/ -->\n<title>Sobre Locatus - Locatus<\/title>\n<meta name=\"robots\" content=\"index, follow, max-snippet:-1, max-image-preview:large, max-video-preview:-1\" \/>\n<link rel=\"canonical\" href=\"https:\/\/locatus.com\/es\/sobre-locatus\/\" \/>\n<meta property=\"og:locale\" content=\"es_ES\" \/>\n<meta property=\"og:type\" content=\"article\" \/>\n<meta property=\"og:title\" content=\"Sobre Locatus - Locatus\" \/>\n<meta property=\"og:description\" content=\"Locatus naci\u00f3 de la demanda de informaci\u00f3n actualizada y uniforme sobre locales y zonas comerciales. En la \u00e9poca anterior a Locatus, los retailers recog\u00edan esta informaci\u00f3n por su cuenta y por separado. Era un trabajo que requer\u00eda mucho tiempo y dinero, dando lugar a varias bases de datos con caracter\u00edsticas parecidas, pero sin coherencia y [&hellip;]\" \/>\n<meta property=\"og:url\" content=\"https:\/\/locatus.com\/es\/sobre-locatus\/\" \/>\n<meta property=\"og:site_name\" content=\"Locatus\" \/>\n<meta property=\"article:modified_time\" content=\"2022-04-05T13:54:35+00:00\" \/>\n<meta name=\"twitter:card\" content=\"summary_large_image\" \/>\n<meta name=\"twitter:label1\" content=\"Est. reading time\" \/>\n\t<meta name=\"twitter:data1\" content=\"1 minute\" \/>\n<script type=\"application\/ld+json\" class=\"yoast-schema-graph\">{\"@context\":\"https:\/\/schema.org\",\"@graph\":[{\"@type\":\"WebPage\",\"@id\":\"https:\/\/locatus.com\/es\/sobre-locatus\/\",\"url\":\"https:\/\/locatus.com\/es\/sobre-locatus\/\",\"name\":\"Sobre Locatus - Locatus\",\"isPartOf\":{\"@id\":\"https:\/\/locatus.com\/#website\"},\"datePublished\":\"2016-11-14T12:43:47+00:00\",\"dateModified\":\"2022-04-05T13:54:35+00:00\",\"breadcrumb\":{\"@id\":\"https:\/\/locatus.com\/es\/sobre-locatus\/#breadcrumb\"},\"inLanguage\":\"es-ES\",\"potentialAction\":[{\"@type\":\"ReadAction\",\"target\":[\"https:\/\/locatus.com\/es\/sobre-locatus\/\"]}]},{\"@type\":\"BreadcrumbList\",\"@id\":\"https:\/\/locatus.com\/es\/sobre-locatus\/#breadcrumb\",\"itemListElement\":[{\"@type\":\"ListItem\",\"position\":1,\"name\":\"Home\",\"item\":\"https:\/\/locatus.com\/es\/\"},{\"@type\":\"ListItem\",\"position\":2,\"name\":\"Sobre Locatus\"}]},{\"@type\":\"WebSite\",\"@id\":\"https:\/\/locatus.com\/#website\",\"url\":\"https:\/\/locatus.com\/\",\"name\":\"Locatus\",\"description\":\"\",\"potentialAction\":[{\"@type\":\"SearchAction\",\"target\":{\"@type\":\"EntryPoint\",\"urlTemplate\":\"https:\/\/locatus.com\/?s={search_term_string}\"},\"query-input\":\"required name=search_term_string\"}],\"inLanguage\":\"es-ES\"}]}<\/script>\n<!-- \/ Yoast SEO plugin. -->","yoast_head_json":{"title":"Sobre Locatus - Locatus","robots":{"index":"index","follow":"follow","max-snippet":"max-snippet:-1","max-image-preview":"max-image-preview:large","max-video-preview":"max-video-preview:-1"},"canonical":"https:\/\/locatus.com\/es\/sobre-locatus\/","og_locale":"es_ES","og_type":"article","og_title":"Sobre Locatus - Locatus","og_description":"Locatus naci\u00f3 de la demanda de informaci\u00f3n actualizada y uniforme sobre locales y zonas comerciales. En la \u00e9poca anterior a Locatus, los retailers recog\u00edan esta informaci\u00f3n por su cuenta y por separado. Era un trabajo que requer\u00eda mucho tiempo y dinero, dando lugar a varias bases de datos con caracter\u00edsticas parecidas, pero sin coherencia y [&hellip;]","og_url":"https:\/\/locatus.com\/es\/sobre-locatus\/","og_site_name":"Locatus","article_modified_time":"2022-04-05T13:54:35+00:00","twitter_card":"summary_large_image","twitter_misc":{"Est. reading time":"1 minute"},"schema":{"@context":"https:\/\/schema.org","@graph":[{"@type":"WebPage","@id":"https:\/\/locatus.com\/es\/sobre-locatus\/","url":"https:\/\/locatus.com\/es\/sobre-locatus\/","name":"Sobre Locatus - Locatus","isPartOf":{"@id":"https:\/\/locatus.com\/#website"},"datePublished":"2016-11-14T12:43:47+00:00","dateModified":"2022-04-05T13:54:35+00:00","breadcrumb":{"@id":"https:\/\/locatus.com\/es\/sobre-locatus\/#breadcrumb"},"inLanguage":"es-ES","potentialAction":[{"@type":"ReadAction","target":["https:\/\/locatus.com\/es\/sobre-locatus\/"]}]},{"@type":"BreadcrumbList","@id":"https:\/\/locatus.com\/es\/sobre-locatus\/#breadcrumb","itemListElement":[{"@type":"ListItem","position":1,"name":"Home","item":"https:\/\/locatus.com\/es\/"},{"@type":"ListItem","position":2,"name":"Sobre Locatus"}]},{"@type":"WebSite","@id":"https:\/\/locatus.com\/#website","url":"https:\/\/locatus.com\/","name":"Locatus","description":"","potentialAction":[{"@type":"SearchAction","target":{"@type":"EntryPoint","urlTemplate":"https:\/\/locatus.com\/?s={search_term_string}"},"query-input":"required name=search_term_string"}],"inLanguage":"es-ES"}]}},"_links":{"self":[{"href":"https:\/\/locatus.com\/es\/wp-json\/wp\/v2\/pages\/7461"}],"collection":[{"href":"https:\/\/locatus.com\/es\/wp-json\/wp\/v2\/pages"}],"about":[{"href":"https:\/\/locatus.com\/es\/wp-json\/wp\/v2\/types\/page"}],"author":[{"embeddable":true,"href":"https:\/\/locatus.com\/es\/wp-json\/wp\/v2\/users\/8"}],"replies":[{"embeddable":true,"href":"https:\/\/locatus.com\/es\/wp-json\/wp\/v2\/comments?post=7461"}],"version-history":[{"count":18,"href":"https:\/\/locatus.com\/es\/wp-json\/wp\/v2\/pages\/7461\/revisions"}],"predecessor-version":[{"id":9962,"href":"https:\/\/locatus.com\/es\/wp-json\/wp\/v2\/pages\/7461\/revisions\/9962"}],"wp:attachment":[{"href":"https:\/\/locatus.com\/es\/wp-json\/wp\/v2\/media?parent=7461"}],"curies":[{"name":"wp","href":"https:\/\/api.w.org\/{rel}","templated":true}]}}