{"id":7496,"date":"2015-12-09T10:38:30","date_gmt":"2015-12-09T09:38:30","guid":{"rendered":"https:\/\/locatus.com\/contact\/"},"modified":"2021-05-26T16:30:25","modified_gmt":"2021-05-26T14:30:25","slug":"contactar","status":"publish","type":"page","link":"https:\/\/locatus.com\/es\/contactar\/","title":{"rendered":"Contactar"},"content":{"rendered":"<p><strong><a href=\"https:\/\/locatus.com\/wp-content\/uploads\/2018\/03\/Icoon-Retailplan.jpg\"><img loading=\"lazy\" class=\"alignright wp-image-8298 size-medium\" src=\"https:\/\/locatus.com\/wp-content\/uploads\/2018\/03\/Icoon-Retailplan-300x258.jpg\" alt=\"\" width=\"300\" height=\"258\" srcset=\"https:\/\/locatus.com\/wp-content\/uploads\/2018\/03\/Icoon-Retailplan-300x258.jpg 300w, https:\/\/locatus.com\/wp-content\/uploads\/2018\/03\/Icoon-Retailplan-93x80.jpg 93w, https:\/\/locatus.com\/wp-content\/uploads\/2018\/03\/Icoon-Retailplan-140x120.jpg 140w, https:\/\/locatus.com\/wp-content\/uploads\/2018\/03\/Icoon-Retailplan-200x172.jpg 200w, https:\/\/locatus.com\/wp-content\/uploads\/2018\/03\/Icoon-Retailplan-290x249.jpg 290w, https:\/\/locatus.com\/wp-content\/uploads\/2018\/03\/Icoon-Retailplan.jpg 766w\" sizes=\"(max-width: 300px) 100vw, 300px\" \/><\/a><\/strong><\/p>\n<p><strong>Sede central<br \/>\n<\/strong>Locatus<br \/>\nCreative Valley<br \/>\nStationsplein 32<br \/>\n3511 ED Utrecht<br \/>\nPA\u00cdSES BAJOS<\/p>\n<p><span id=\"result_box\" class=\"short_text\" lang=\"es\"><\/span> T\u00a0 (+31) 85 7603283<br \/>\nE\u00a0 es@locatus.com<\/p>\n<hr style=\"border:none;border-top:2px dotted #006A91;color:#fff;background-color:#fff;height:2px;\">\n<h2>Estamos para ayudarles<\/h2>\n<p>Si le gustar\u00eda saber m\u00e1s sobre nuestra empresa, nuestros productos y\/o nuestros servicios, por favor no dude en contactarnos. Rellene el formulario de contacto y le contactaremos en breve.<\/p>\n<form data-uniq-id=\"69ea7c5e8973e\" id=\"form2904\" enctype=\"application\/x-www-form-urlencoded\" class=\"mpForm\" method=\"post\" action=\"https:\/\/locatus.com\/es\/wp-json\/wp\/v2\/pages\/7496\/\/?accountid=0&formid=2904\">\n<div role=\"alert\" class=\"mpErrorSummary\" style=\"display:none\"><\/div>\n<ul class=\"mpFormTable mpTwoColumnLayout\">\n<li id=\"CNT3189\" class=\"mpQuestionTable  \" aria-labelledby=\"lbl-field3189\">\n<div class=\"mpFormLabel\"><label class=\"descriptionLabel\" for=\"field3189\" id=\"lbl-field3189\">Tratamiento<\/label><span class=\"mandatorySign\">&nbsp;*<\/span><\/div>\n<div class=\"mpFormField\" role=\"group\">\n<ul class=\"mpRadioButtonTable\" id=\"field3189\" data-errid=\"field3189-error\">\n<li><input type=\"radio\" value=\"Se\u00f1or\" id=\"field3189-1567\" name=\"field3189\" aria-labelledBy=\"lbl-field3189 lbl-field3189-1567\" class=\"mpMultipleInput\"><label class=\"mpMultipleLabel\" for=\"field3189-1567\" id=\"lbl-field3189-1567\">Se\u00f1or<\/label><\/li>\n<li><input type=\"radio\" value=\"Se\u00f1ora\" id=\"field3189-1568\" name=\"field3189\" aria-labelledBy=\"lbl-field3189 lbl-field3189-1568\" class=\"mpMultipleInput\"><label class=\"mpMultipleLabel\" for=\"field3189-1568\" id=\"lbl-field3189-1568\">Se\u00f1ora<\/label><\/li>\n<\/ul><\/div>\n<\/li>\n<li id=\"CNT3190\" class=\"mpQuestionTable  \" aria-labelledby=\"lbl-field3190\">\n<div class=\"mpFormLabel\"><label class=\"descriptionLabel\" for=\"field3190\" id=\"lbl-field3190\">Nombre<\/label><span class=\"mandatorySign\">&nbsp;*<\/span><\/div>\n<div class=\"mpFormField\"><input type=\"text\" id=\"field3190\" name=\"field3190\" data-errid=\"field3190-error\" autocomplete=\"given-name\"><\/div>\n<\/li>\n<li id=\"CNT3187\" class=\"mpQuestionTable  \" aria-labelledby=\"lbl-field3187\" style=\"display:none;\">\n<div class=\"mpFormLabel\"><label class=\"descriptionLabel\" for=\"field3187\" id=\"lbl-field3187\">Email<\/label><\/div>\n<div class=\"mpFormField\"><input type=\"text\" id=\"field3187\" name=\"field3187\" data-errid=\"field3187-error\"><\/div>\n<\/li>\n<li id=\"CNT3191\" class=\"mpQuestionTable  \" aria-labelledby=\"lbl-field3191\">\n<div class=\"mpFormLabel\"><label class=\"descriptionLabel\" for=\"field3191\" id=\"lbl-field3191\">Apellidos<\/label><span class=\"mandatorySign\">&nbsp;*<\/span><\/div>\n<div class=\"mpFormField\"><input type=\"text\" id=\"field3191\" name=\"field3191\" data-errid=\"field3191-error\" autocomplete=\"family-name\"><\/div>\n<\/li>\n<li id=\"CNT3186\" class=\"mpQuestionTable  \" aria-labelledby=\"lbl-field3186\">\n<div class=\"mpFormLabel\"><label class=\"descriptionLabel\" for=\"field3186\" id=\"lbl-field3186\">6 + 8 =<\/label><span class=\"mandatorySign\">&nbsp;*<\/span><\/div>\n<div class=\"mpFormField\"><input type=\"text\" id=\"field3186\" name=\"field3186\" data-errid=\"field3186-error\"><\/div>\n<\/li>\n<li id=\"CNT3192\" class=\"mpQuestionTable  \" aria-labelledby=\"lbl-field3192\">\n<div class=\"mpFormLabel\"><label class=\"descriptionLabel\" for=\"field3192\" id=\"lbl-field3192\">Empresa<\/label><span class=\"mandatorySign\">&nbsp;*<\/span><\/div>\n<div class=\"mpFormField\"><input type=\"text\" id=\"field3192\" name=\"field3192\" data-errid=\"field3192-error\"><\/div>\n<\/li>\n<li id=\"CNT3193\" class=\"mpQuestionTable  \" aria-labelledby=\"lbl-field3193\">\n<div class=\"mpFormLabel\"><label class=\"descriptionLabel\" for=\"field3193\" id=\"lbl-field3193\">Correo electr\u00f3nico<\/label><span class=\"mandatorySign\">&nbsp;*<\/span><\/div>\n<div class=\"mpFormField\"><input type=\"text\" id=\"field3193\" name=\"field3193\" data-errid=\"field3193-error\" autocomplete=\"email\"><\/div>\n<\/li>\n<li id=\"CNT3194\" class=\"mpQuestionTable  \" aria-labelledby=\"lbl-field3194\">\n<div class=\"mpFormLabel\"><label class=\"descriptionLabel\" for=\"field3194\" id=\"lbl-field3194\">Tel\u00e9fono<\/label><\/div>\n<div class=\"mpFormField\"><input type=\"text\" id=\"field3194\" name=\"field3194\" data-errid=\"field3194-error\"><\/div>\n<\/li>\n<li id=\"CNT3195\" class=\"mpQuestionTable  \" aria-labelledby=\"lbl-field3195\">\n<div class=\"mpFormLabel\"><label class=\"descriptionLabel\" for=\"field3195\" id=\"lbl-field3195\">Nota<\/label><\/div>\n<div class=\"mpFormField\"><textarea rows=\"4\" cols=\"20\" id=\"field3195\" name=\"field3195\" data-errid=\"field3195-error\"><\/textarea><\/div>\n<\/li>\n<li id=\"CNT3928\" class=\"mpQuestionTable  \" aria-labelledby=\"lbl-field3928\">\n<div class=\"mpFormLabel\"><label class=\"descriptionLabel\" for=\"field3928\" id=\"lbl-field3928\">Estoy interesado en<\/label><\/div>\n<div class=\"mpFormField\" role=\"group\">\n<ul id=\"field3928\" data-errid=\"field3928-error\">\n<li><input type=\"checkbox\" value=\"asistir a una demonstraci\u00f3n de Locatus Online\" id=\"field3928-1554\" name=\"field3928\" aria-labelledBy=\"lbl-field3928 lbl-field3928-1554\" class=\"mpMultipleInput\"><label class=\"mpMultipleLabel\" for=\"field3928-1554\" id=\"lbl-field3928-1554\">asistir a una demonstraci\u00f3n de Locatus Online<\/label><\/li>\n<li><input type=\"checkbox\" value=\"recibir el bolet\u00edn electr\u00f3nico de Locatus (6 - 8 veces al a\u00f1o)\" id=\"field3928-1553\" name=\"field3928\" aria-labelledBy=\"lbl-field3928 lbl-field3928-1553\" class=\"mpMultipleInput\"><label class=\"mpMultipleLabel\" for=\"field3928-1553\" id=\"lbl-field3928-1553\">recibir el bolet\u00edn electr\u00f3nico de Locatus (6 - 8 veces al a\u00f1o)<\/label><\/li>\n<\/ul><\/div>\n<\/li>\n<li id=\"CNT3188\" class=\"mpQuestionTable  \">\n<div class=\"mpLabelRow\">\n<div class=\"submitCellSpacer\"><span><\/span><\/div>\n<div class=\"submitCell\"><input value=\"Enviar\" class=\"submitButton\" name=\"next\" type=\"submit\" id=\"field3188\"><\/div>\n<\/p><\/div>\n<\/li>\n<\/ul>\n<fieldset style=\"display: none\"><input type=\"hidden\" name=\"userId\" value=\"314100337\"><input type=\"hidden\" name=\"formEncId\" value=\"t9vsG8egVxjLYKfTA4j6\"><input type=\"hidden\" name=\"pagePosition\" value=\"1\"><input type=\"hidden\" name=\"viewMode\" value=\"APIINTEGRATION\"><input type=\"hidden\" name=\"redir\" value=\"formAdmin2\"><input type=\"hidden\" name=\"formLayout\" value=\"N\"><input type=\"hidden\" name=\"errorText\" value=\"Este formulario no puede ser enviado, ya que falta informaci\u00f3n.\"><input type=\"hidden\" name=\"formLocationUrl\" id=\"formLocationUrl-form2904\"><input type=\"hidden\" name=\"abInfo\" value=\"tKbT9uowwDvKKmcVgHd602Jpk4nL6t4aNWTJSUnKsu+x66xhGl9Ujr0FW1eq2sRA9IpgDe5QAGtVfdibisPYW3vNECoRL\/CPdhUjd6Ukv\/zlfr2T90qnaf4ig6mmNP8UQ1PJy5JtU4b9PMJjhE3VfBLoblizYlWGqlv1hwg9uRds55R21WPmVpuvKh0hS\/nw\"><\/fieldset>\n<\/form>\n<p><input type=\"hidden\" id=\"_form_nonce_69ea7c5e8973e\" name=\"_form_nonce_69ea7c5e8973e\" value=\"2a353702c3\" \/><input type=\"hidden\" name=\"_wp_http_referer\" value=\"\/es\/wp-json\/wp\/v2\/pages\/7496\" \/><input type=\"hidden\" name=\"_form_account_id_69ea7c5e8973e\" value=\"0\"\/><input type=\"hidden\" name=\"_form_id_69ea7c5e8973e\" value=\"2904\"\/><input type=\"hidden\" name=\"_form_enc_id_69ea7c5e8973e\" value=\"\"\/><\/p>\n<p>&nbsp;<\/p>\n","protected":false},"excerpt":{"rendered":"<p>Sede central Locatus Creative Valley Stationsplein 32 3511 ED Utrecht PA\u00cdSES BAJOS T\u00a0 (+31) 85 7603283 E\u00a0 es@locatus.com Estamos para ayudarles Si le gustar\u00eda saber m\u00e1s sobre nuestra empresa, nuestros productos y\/o nuestros servicios, por favor no dude en contactarnos. Rellene el formulario de contacto y le contactaremos en breve. &nbsp;<\/p>\n","protected":false},"author":99,"featured_media":0,"parent":0,"menu_order":0,"comment_status":"closed","ping_status":"closed","template":"templates\/template_contact.php","meta":[],"acf":[],"yoast_head":"<!-- This site is optimized with the Yoast SEO plugin v20.4 - https:\/\/yoast.com\/wordpress\/plugins\/seo\/ -->\n<title>Contactar - Locatus<\/title>\n<meta name=\"robots\" content=\"index, follow, max-snippet:-1, max-image-preview:large, max-video-preview:-1\" \/>\n<link rel=\"canonical\" href=\"https:\/\/locatus.com\/contact\/\" \/>\n<meta property=\"og:locale\" content=\"es_ES\" \/>\n<meta property=\"og:type\" content=\"article\" \/>\n<meta property=\"og:title\" content=\"Contactar - Locatus\" \/>\n<meta property=\"og:description\" content=\"Sede central Locatus Creative Valley Stationsplein 32 3511 ED Utrecht PA\u00cdSES BAJOS T\u00a0 (+31) 85 7603283 E\u00a0 es@locatus.com Estamos para ayudarles Si le gustar\u00eda saber m\u00e1s sobre nuestra empresa, nuestros productos y\/o nuestros servicios, por favor no dude en contactarnos. Rellene el formulario de contacto y le contactaremos en breve. &nbsp;\" \/>\n<meta property=\"og:url\" content=\"https:\/\/locatus.com\/contact\/\" \/>\n<meta property=\"og:site_name\" content=\"Locatus\" \/>\n<meta property=\"article:modified_time\" content=\"2021-05-26T14:30:25+00:00\" \/>\n<meta property=\"og:image\" content=\"https:\/\/locatus.com\/wp-content\/uploads\/2018\/03\/Icoon-Retailplan-300x258.jpg\" \/>\n<meta name=\"twitter:card\" content=\"summary_large_image\" \/>\n<meta name=\"twitter:label1\" content=\"Est. reading time\" \/>\n\t<meta name=\"twitter:data1\" content=\"1 minute\" \/>\n<script type=\"application\/ld+json\" class=\"yoast-schema-graph\">{\"@context\":\"https:\/\/schema.org\",\"@graph\":[{\"@type\":\"WebPage\",\"@id\":\"https:\/\/locatus.com\/contact\/\",\"url\":\"https:\/\/locatus.com\/contact\/\",\"name\":\"Contactar - Locatus\",\"isPartOf\":{\"@id\":\"https:\/\/locatus.com\/#website\"},\"datePublished\":\"2015-12-09T09:38:30+00:00\",\"dateModified\":\"2021-05-26T14:30:25+00:00\",\"breadcrumb\":{\"@id\":\"https:\/\/locatus.com\/contact\/#breadcrumb\"},\"inLanguage\":\"es-ES\",\"potentialAction\":[{\"@type\":\"ReadAction\",\"target\":[\"https:\/\/locatus.com\/contact\/\"]}]},{\"@type\":\"BreadcrumbList\",\"@id\":\"https:\/\/locatus.com\/contact\/#breadcrumb\",\"itemListElement\":[{\"@type\":\"ListItem\",\"position\":1,\"name\":\"Home\",\"item\":\"https:\/\/locatus.com\/es\/\"},{\"@type\":\"ListItem\",\"position\":2,\"name\":\"Contactar\"}]},{\"@type\":\"WebSite\",\"@id\":\"https:\/\/locatus.com\/#website\",\"url\":\"https:\/\/locatus.com\/\",\"name\":\"Locatus\",\"description\":\"\",\"potentialAction\":[{\"@type\":\"SearchAction\",\"target\":{\"@type\":\"EntryPoint\",\"urlTemplate\":\"https:\/\/locatus.com\/?s={search_term_string}\"},\"query-input\":\"required name=search_term_string\"}],\"inLanguage\":\"es-ES\"}]}<\/script>\n<!-- \/ Yoast SEO plugin. -->","yoast_head_json":{"title":"Contactar - Locatus","robots":{"index":"index","follow":"follow","max-snippet":"max-snippet:-1","max-image-preview":"max-image-preview:large","max-video-preview":"max-video-preview:-1"},"canonical":"https:\/\/locatus.com\/contact\/","og_locale":"es_ES","og_type":"article","og_title":"Contactar - Locatus","og_description":"Sede central Locatus Creative Valley Stationsplein 32 3511 ED Utrecht PA\u00cdSES BAJOS T\u00a0 (+31) 85 7603283 E\u00a0 es@locatus.com Estamos para ayudarles Si le gustar\u00eda saber m\u00e1s sobre nuestra empresa, nuestros productos y\/o nuestros servicios, por favor no dude en contactarnos. Rellene el formulario de contacto y le contactaremos en breve. &nbsp;","og_url":"https:\/\/locatus.com\/contact\/","og_site_name":"Locatus","article_modified_time":"2021-05-26T14:30:25+00:00","og_image":[{"url":"https:\/\/locatus.com\/wp-content\/uploads\/2018\/03\/Icoon-Retailplan-300x258.jpg"}],"twitter_card":"summary_large_image","twitter_misc":{"Est. reading time":"1 minute"},"schema":{"@context":"https:\/\/schema.org","@graph":[{"@type":"WebPage","@id":"https:\/\/locatus.com\/contact\/","url":"https:\/\/locatus.com\/contact\/","name":"Contactar - Locatus","isPartOf":{"@id":"https:\/\/locatus.com\/#website"},"datePublished":"2015-12-09T09:38:30+00:00","dateModified":"2021-05-26T14:30:25+00:00","breadcrumb":{"@id":"https:\/\/locatus.com\/contact\/#breadcrumb"},"inLanguage":"es-ES","potentialAction":[{"@type":"ReadAction","target":["https:\/\/locatus.com\/contact\/"]}]},{"@type":"BreadcrumbList","@id":"https:\/\/locatus.com\/contact\/#breadcrumb","itemListElement":[{"@type":"ListItem","position":1,"name":"Home","item":"https:\/\/locatus.com\/es\/"},{"@type":"ListItem","position":2,"name":"Contactar"}]},{"@type":"WebSite","@id":"https:\/\/locatus.com\/#website","url":"https:\/\/locatus.com\/","name":"Locatus","description":"","potentialAction":[{"@type":"SearchAction","target":{"@type":"EntryPoint","urlTemplate":"https:\/\/locatus.com\/?s={search_term_string}"},"query-input":"required name=search_term_string"}],"inLanguage":"es-ES"}]}},"_links":{"self":[{"href":"https:\/\/locatus.com\/es\/wp-json\/wp\/v2\/pages\/7496"}],"collection":[{"href":"https:\/\/locatus.com\/es\/wp-json\/wp\/v2\/pages"}],"about":[{"href":"https:\/\/locatus.com\/es\/wp-json\/wp\/v2\/types\/page"}],"author":[{"embeddable":true,"href":"https:\/\/locatus.com\/es\/wp-json\/wp\/v2\/users\/99"}],"replies":[{"embeddable":true,"href":"https:\/\/locatus.com\/es\/wp-json\/wp\/v2\/comments?post=7496"}],"version-history":[{"count":17,"href":"https:\/\/locatus.com\/es\/wp-json\/wp\/v2\/pages\/7496\/revisions"}],"predecessor-version":[{"id":16117,"href":"https:\/\/locatus.com\/es\/wp-json\/wp\/v2\/pages\/7496\/revisions\/16117"}],"wp:attachment":[{"href":"https:\/\/locatus.com\/es\/wp-json\/wp\/v2\/media?parent=7496"}],"curies":[{"name":"wp","href":"https:\/\/api.w.org\/{rel}","templated":true}]}}