{"id":13774,"date":"2020-07-23T11:17:02","date_gmt":"2020-07-23T09:17:02","guid":{"rendered":"https:\/\/locatus.com\/?page_id=13774"},"modified":"2023-06-28T11:42:58","modified_gmt":"2023-06-28T09:42:58","slug":"commune","status":"publish","type":"page","link":"https:\/\/locatus.com\/fr\/commune\/","title":{"rendered":"Commune"},"content":{"rendered":"<p>Le commerce de d\u00e9tail constitue le c\u0153ur de votre commune. Plus le c\u0153ur commercial de votre commune est vivant, plus votre commune est attrayante pour les habitants, les visiteurs des villes environnantes ou les touristes.<\/p>\n<p>\u00c9tant donn\u00e9 que Locatus cartographie tous les magasins, l\u2019horeca et les prestataires de services, nos donn\u00e9es sont parfaitement adapt\u00e9es pour observer le secteur du commerce de d\u00e9tail dans votre commune, prendre des d\u00e9cisions politiques et travailler au bon fonctionnement de votre c\u0153ur commercial.<\/p>\n<hr style=\"border:none;border-top:2px dotted #006A91;color:#fff;background-color:#fff;height:2px;\">\n<p><em>Quant est-il actuellement du commerce de d\u00e9tail dans votre commune\u00a0? Et comment voyez-vous l\u2019avenir\u00a0?<\/em><\/p>\n<hr style=\"border:none;border-top:2px dotted #006A91;color:#fff;background-color:#fff;height:2px;\">\n<h4><strong>Moniteur du commerce de d\u00e9tail\/zone commerciale<\/strong><\/h4>\n<p>Comment votre commune se situe-t-elle par rapport \u00e0 des communes comparables\u00a0? Comment le taux vacuit\u00e9 \u00e9volue-t-il\u00a0? Et quelles branches sont les plus\/les moins touch\u00e9es ? Comment se pr\u00e9sente le Retail Risk Index de votre commune ? Notre Retail Monitor vous permet de mettre en perspective le commerce de d\u00e9tail dans votre commune.<\/p>\n<hr style=\"border:none;border-top:2px dotted #006A91;color:#fff;background-color:#fff;height:2px;\">\n<p><em>Comment le taux de vacuit\u00e9 \u00e9volue-t-il dans notre commune\u00a0?<\/em><\/p>\n<hr style=\"border:none;border-top:2px dotted #006A91;color:#fff;background-color:#fff;height:2px;\">\n<h4><strong>Analyse historique d\u2019inoccupation<\/strong><\/h4>\n<p>La vacuit\u00e9 des magasins. Moins il y en a, mieux c\u2019est pour une zone commerciale saine. L\u2019analyse a montr\u00e9 que la vacuit\u00e9 est contagieuse. Nous pouvons cartographier (litt\u00e9ralement) l&rsquo;\u00e9volution des niveaux de vacuit\u00e9 dans votre commune au cours des derni\u00e8res ann\u00e9es. O\u00f9 \u00e9taient et sont situ\u00e9s ces locaux\u00a0? O\u00f9 peut-on parler de vacuit\u00e9 de friction et o\u00f9 est-elle structurelle ? Cela vous permet de savoir o\u00f9 se situent les points forts et les points faibles de votre zone commerciale (consultez \u00e9galement le <a href=\"https:\/\/locatus.com\/fr\/donnees\/retail-risk-index-rri\/\">Retail Risk Index<\/a>). Nous pouvons \u00e9galement comparer le d\u00e9veloppement de votre commune avec celui d&rsquo;autres communes.<\/p>\n<hr style=\"border:none;border-top:2px dotted #006A91;color:#fff;background-color:#fff;height:2px;\">\n<p><em>Comment notre commune se positionne-t-elle par rapport \u00e0 d\u2019autres\u00a0?<\/em><\/p>\n<hr style=\"border:none;border-top:2px dotted #006A91;color:#fff;background-color:#fff;height:2px;\">\n<h4><strong>Analyse comparative<\/strong><\/h4>\n<p>Nous pouvons effectuer pour vous une analyse comparative et ainsi vous donner un aper\u00e7u du positionnement de votre commune par rapport \u00e0 d\u2019autres. Que font-ils diff\u00e9remment\u00a0? Quels sont leurs points forts\u00a0? Ou pr\u00e9cis\u00e9ment ceux de votre commune\u00a0? Qu\u2019est-ce qui pourrait encore faire \u00e9voluer votre commune positivement\u00a0?<\/p>\n<hr style=\"border:none;border-top:2px dotted #006A91;color:#fff;background-color:#fff;height:2px;\">\n<p><em>Souhaitez-vous plus d\u2019informations sur les rapports sectorielles et la r\u00e9partition\u00a0?<\/em><\/p>\n<hr style=\"border:none;border-top:2px dotted #006A91;color:#fff;background-color:#fff;height:2px;\">\n<h4><strong>Analyse sectorielle<\/strong><\/h4>\n<p>L&rsquo;analyse sectorielle constitue une partie de l&rsquo;analyse comparative. Quels secteurs sont actifs dans votre commune, dans quelle proportion ? Et comment sont-ils r\u00e9partis ? Comment cela se compare-t-il avec des communes comparables ou concurrentes ? Certains secteurs sont-ils sur- ou sous-repr\u00e9sent\u00e9s ? Vous souhaitez attirer les d\u00e9taillants de quels secteurs ? L&rsquo;analyse sectorielle fournit des r\u00e9ponses \u00e0 ces questions.<\/p>\n<hr style=\"border:none;border-top:2px dotted #006A91;color:#fff;background-color:#fff;height:2px;\">\n<p><em>Quels nouveaux d\u00e9taillants seraient int\u00e9ressants pour notre commune\u00a0? Et lesquels nous trouveront \u00e9galement int\u00e9ressants\u00a0?<\/em><\/p>\n<hr style=\"border:none;border-top:2px dotted #006A91;color:#fff;background-color:#fff;height:2px;\">\n<h4><strong>Analyse des enseignes<\/strong><\/h4>\n<p>L\u2019analyse sectorielle indique dans quelles branches il reste de la place pour de nouveaux arrivants. Mais quelles enseignes sont alors sp\u00e9cifiquement int\u00e9ressantes\u00a0? Lors d\u2019une analyse d\u2019enseignes, nous comparons les enseignes de votre zone commerciale \u00e0 un grand nombre de zones commerciales comparables. Apr\u00e8s concertation, nous d\u00e9terminons les zones commerciales sur lesquelles nous allons ex\u00e9cuter l\u2019analyse. Dans cette analyse, nous examinons les enseignes de magasin pr\u00e9sentes dans ces zones commerciales. Nous faisons cela sur la base du nombre de points de vente, mais aussi de la superficie des points de vente.<\/p>\n<p>De ce fait, vous pouvez vous faire une id\u00e9e des enseignes de magasin faisant d\u00e9faut dans votre centre commercial, lesquelles sont n\u00e9anmoins pr\u00e9sentes dans des centres comparables. Les responsables des centres sauront ainsi quelles enseignes sont prometteuses pour votre commune.<\/p>\n","protected":false},"excerpt":{"rendered":"<p>Le commerce de d\u00e9tail constitue le c\u0153ur de votre commune. Plus le c\u0153ur commercial de votre commune est vivant, plus votre commune est attrayante pour les habitants, les visiteurs des villes environnantes ou les touristes. \u00c9tant donn\u00e9 que Locatus cartographie tous les magasins, l\u2019horeca et les prestataires de services, nos donn\u00e9es sont parfaitement adapt\u00e9es pour [&hellip;]<\/p>\n","protected":false},"author":8,"featured_media":0,"parent":0,"menu_order":0,"comment_status":"closed","ping_status":"closed","template":"templates\/template_products.php","meta":[],"acf":[],"yoast_head":"<!-- This site is optimized with the Yoast SEO plugin v20.4 - https:\/\/yoast.com\/wordpress\/plugins\/seo\/ -->\n<title>Commune - Locatus<\/title>\n<meta name=\"robots\" content=\"index, follow, max-snippet:-1, max-image-preview:large, max-video-preview:-1\" \/>\n<link rel=\"canonical\" href=\"https:\/\/locatus.com\/fr\/commune\/\" \/>\n<meta property=\"og:locale\" content=\"fr_FR\" \/>\n<meta property=\"og:type\" content=\"article\" \/>\n<meta property=\"og:title\" content=\"Commune - Locatus\" \/>\n<meta property=\"og:description\" content=\"Le commerce de d\u00e9tail constitue le c\u0153ur de votre commune. Plus le c\u0153ur commercial de votre commune est vivant, plus votre commune est attrayante pour les habitants, les visiteurs des villes environnantes ou les touristes. \u00c9tant donn\u00e9 que Locatus cartographie tous les magasins, l\u2019horeca et les prestataires de services, nos donn\u00e9es sont parfaitement adapt\u00e9es pour [&hellip;]\" \/>\n<meta property=\"og:url\" content=\"https:\/\/locatus.com\/fr\/commune\/\" \/>\n<meta property=\"og:site_name\" content=\"Locatus\" \/>\n<meta property=\"article:modified_time\" content=\"2023-06-28T09:42:58+00:00\" \/>\n<meta name=\"twitter:card\" content=\"summary_large_image\" \/>\n<meta name=\"twitter:label1\" content=\"Dur\u00e9e de lecture estim\u00e9e\" \/>\n\t<meta name=\"twitter:data1\" content=\"3 minutes\" \/>\n<script type=\"application\/ld+json\" class=\"yoast-schema-graph\">{\"@context\":\"https:\/\/schema.org\",\"@graph\":[{\"@type\":\"WebPage\",\"@id\":\"https:\/\/locatus.com\/fr\/commune\/\",\"url\":\"https:\/\/locatus.com\/fr\/commune\/\",\"name\":\"Commune - Locatus\",\"isPartOf\":{\"@id\":\"https:\/\/locatus.com\/#website\"},\"datePublished\":\"2020-07-23T09:17:02+00:00\",\"dateModified\":\"2023-06-28T09:42:58+00:00\",\"breadcrumb\":{\"@id\":\"https:\/\/locatus.com\/fr\/commune\/#breadcrumb\"},\"inLanguage\":\"fr-FR\",\"potentialAction\":[{\"@type\":\"ReadAction\",\"target\":[\"https:\/\/locatus.com\/fr\/commune\/\"]}]},{\"@type\":\"BreadcrumbList\",\"@id\":\"https:\/\/locatus.com\/fr\/commune\/#breadcrumb\",\"itemListElement\":[{\"@type\":\"ListItem\",\"position\":1,\"name\":\"Home\",\"item\":\"https:\/\/locatus.com\/fr\/\"},{\"@type\":\"ListItem\",\"position\":2,\"name\":\"Commune\"}]},{\"@type\":\"WebSite\",\"@id\":\"https:\/\/locatus.com\/#website\",\"url\":\"https:\/\/locatus.com\/\",\"name\":\"Locatus\",\"description\":\"\",\"potentialAction\":[{\"@type\":\"SearchAction\",\"target\":{\"@type\":\"EntryPoint\",\"urlTemplate\":\"https:\/\/locatus.com\/?s={search_term_string}\"},\"query-input\":\"required name=search_term_string\"}],\"inLanguage\":\"fr-FR\"}]}<\/script>\n<!-- \/ Yoast SEO plugin. -->","yoast_head_json":{"title":"Commune - Locatus","robots":{"index":"index","follow":"follow","max-snippet":"max-snippet:-1","max-image-preview":"max-image-preview:large","max-video-preview":"max-video-preview:-1"},"canonical":"https:\/\/locatus.com\/fr\/commune\/","og_locale":"fr_FR","og_type":"article","og_title":"Commune - Locatus","og_description":"Le commerce de d\u00e9tail constitue le c\u0153ur de votre commune. Plus le c\u0153ur commercial de votre commune est vivant, plus votre commune est attrayante pour les habitants, les visiteurs des villes environnantes ou les touristes. \u00c9tant donn\u00e9 que Locatus cartographie tous les magasins, l\u2019horeca et les prestataires de services, nos donn\u00e9es sont parfaitement adapt\u00e9es pour [&hellip;]","og_url":"https:\/\/locatus.com\/fr\/commune\/","og_site_name":"Locatus","article_modified_time":"2023-06-28T09:42:58+00:00","twitter_card":"summary_large_image","twitter_misc":{"Dur\u00e9e de lecture estim\u00e9e":"3 minutes"},"schema":{"@context":"https:\/\/schema.org","@graph":[{"@type":"WebPage","@id":"https:\/\/locatus.com\/fr\/commune\/","url":"https:\/\/locatus.com\/fr\/commune\/","name":"Commune - Locatus","isPartOf":{"@id":"https:\/\/locatus.com\/#website"},"datePublished":"2020-07-23T09:17:02+00:00","dateModified":"2023-06-28T09:42:58+00:00","breadcrumb":{"@id":"https:\/\/locatus.com\/fr\/commune\/#breadcrumb"},"inLanguage":"fr-FR","potentialAction":[{"@type":"ReadAction","target":["https:\/\/locatus.com\/fr\/commune\/"]}]},{"@type":"BreadcrumbList","@id":"https:\/\/locatus.com\/fr\/commune\/#breadcrumb","itemListElement":[{"@type":"ListItem","position":1,"name":"Home","item":"https:\/\/locatus.com\/fr\/"},{"@type":"ListItem","position":2,"name":"Commune"}]},{"@type":"WebSite","@id":"https:\/\/locatus.com\/#website","url":"https:\/\/locatus.com\/","name":"Locatus","description":"","potentialAction":[{"@type":"SearchAction","target":{"@type":"EntryPoint","urlTemplate":"https:\/\/locatus.com\/?s={search_term_string}"},"query-input":"required name=search_term_string"}],"inLanguage":"fr-FR"}]}},"_links":{"self":[{"href":"https:\/\/locatus.com\/fr\/wp-json\/wp\/v2\/pages\/13774"}],"collection":[{"href":"https:\/\/locatus.com\/fr\/wp-json\/wp\/v2\/pages"}],"about":[{"href":"https:\/\/locatus.com\/fr\/wp-json\/wp\/v2\/types\/page"}],"author":[{"embeddable":true,"href":"https:\/\/locatus.com\/fr\/wp-json\/wp\/v2\/users\/8"}],"replies":[{"embeddable":true,"href":"https:\/\/locatus.com\/fr\/wp-json\/wp\/v2\/comments?post=13774"}],"version-history":[{"count":3,"href":"https:\/\/locatus.com\/fr\/wp-json\/wp\/v2\/pages\/13774\/revisions"}],"predecessor-version":[{"id":21208,"href":"https:\/\/locatus.com\/fr\/wp-json\/wp\/v2\/pages\/13774\/revisions\/21208"}],"wp:attachment":[{"href":"https:\/\/locatus.com\/fr\/wp-json\/wp\/v2\/media?parent=13774"}],"curies":[{"name":"wp","href":"https:\/\/api.w.org\/{rel}","templated":true}]}}