{"id":13777,"date":"2020-07-23T13:25:04","date_gmt":"2020-07-23T11:25:04","guid":{"rendered":"https:\/\/locatus.com\/?page_id=13777"},"modified":"2023-06-28T11:41:39","modified_gmt":"2023-06-28T09:41:39","slug":"retail","status":"publish","type":"page","link":"https:\/\/locatus.com\/fr\/retail\/","title":{"rendered":"Retail"},"content":{"rendered":"<p>L\u2019emplacement est au centre de nombre de vos d\u00e9cisions. O\u00f9 vais-je ouvrir une nouvelle filiale ? Est-il pr\u00e9f\u00e9rable de d\u00e9m\u00e9nager dans un autre endroit ? Mes points de vente ne sont-ils pas trop proches les uns des autres, ou y a-t-il de la place pour plus. Quel est le potentiel de cet emplacement en termes de chiffre d\u2019affaires ? Suffisamment de clients passent-ils par cet endroit ? Un choix d\u2019emplacement correct est essentiel, car une mauvaise d\u00e9cision peut s\u2019av\u00e9rer tr\u00e8s co\u00fbteuse.<\/p>\n<p>Nous vous aidons volontiers en vous fournissant les bonnes informations pour vos d\u00e9cisions de localisation :<\/p>\n<hr style=\"border:none;border-top:2px dotted #006A91;color:#fff;background-color:#fff;height:2px;\">\n<h4><strong>Analyse sur mesure \/ Enqu\u00eate de localisation<\/strong><\/h4>\n<p>Avant d&rsquo;ouvrir un point de vente, vous voulez savoir si l&#8217;emplacement est appropri\u00e9. Y est-il par exemple question de cannibalisation, quels concurrents sont pr\u00e9sents avec combien de m\u00b2 de SCN (surface commerciale nette), des attracteurs de foule sont-ils pr\u00e9sents \u00e0 proximit\u00e9, etc. Notre base de donn\u00e9es actuelle sur le retail nous permet de r\u00e9aliser pour vous une enqu\u00eate ind\u00e9pendante sur les lieux. De ce fait, vous pourrez vous faire une id\u00e9e \u2018des chances de r\u00e9ussite\u2019 de l&#8217;emplacement du nouveau point de vente.<\/p>\n<hr style=\"border:none;border-top:2px dotted #006A91;color:#fff;background-color:#fff;height:2px;\">\n<h4><strong>Suffisamment de passants passent-ils par cet emplacement\u00a0?<\/strong><\/h4>\n<p>Vous avez un nouveau b\u00e2timent commercial en vue ? Et vous voulez savoir si suffisamment de passants passent devant celui-ci ? Nous disposons de ces informations, y compris l\u2019historique, parmi les plus de 200 zones commerciales les plus importantes aux Pays-Bas et en Belgique, directement accessibles. Si le b\u00e2timent se trouve en dehors de nos zones de comptage habituelles, nous pouvons \u00e9galement effectuer un comptage personnalis\u00e9. Ainsi pouvez-vous comparer ces informations avec les emplacements existants ou d&rsquo;autres nouvelles options.<\/p>\n<hr style=\"border:none;border-top:2px dotted #006A91;color:#fff;background-color:#fff;height:2px;\">\n<h4><strong>Quel est le potentiel de cet emplacement en termes de chiffre d\u2019affaires\u00a0?<\/strong><\/h4>\n<p>Lorsque vous avez un emplacement en t\u00eate, vous voulez pouvoir \u00e9valuer le potentiel qu\u2019offre votre nouveau point de vente. Pour ce faire, nous pouvons vous proposer une mission ponctuelle sous forme de rapport. Vous pr\u00e9f\u00e9rez vous en occuper vous-m\u00eame : notre outil logiciel, le \u00ab\u00a0Retail Revenue Calculator\u00a0\u00bb fournit une pr\u00e9vision du chiffre d&rsquo;affaires en effectuant diverses simulations. Il vous fournit des r\u00e9ponses \u00e0 des questions telles que :<\/p>\n<ul>\n<li>Quels sont les emplacements les plus favorables pour nos nouveaux points de vente\u00a0?<\/li>\n<li>Quel est l\u2019effet d\u2019un emplacement commercial suppl\u00e9mentaire sur nos points de vente existants\u00a0?<\/li>\n<li>Dans quelle mesure la cannibalisation y est-elle pr\u00e9sente\u00a0?<\/li>\n<li>Quel effet aura une r\u00e9novation, une fermeture ou un nouveau point de vente sur notre position concurrentielle\u00a0?<\/li>\n<li>Quelle est la pression concurrentielle\u00a0?<\/li>\n<li>Quel effet aura une acquisition\u00a0?<\/li>\n<li>Est-ce que j\u2019utilise bien le plein potentiel de mon (mes) point(s) de vente actuel(s) ?<\/li>\n<\/ul>\n<hr style=\"border:none;border-top:2px dotted #006A91;color:#fff;background-color:#fff;height:2px;\">\n<h4><strong>Quelle est la zone de chalandise de cet emplacement\u00a0?<\/strong><\/h4>\n<p>Les d\u00e9tails de la carte de fid\u00e9lit\u00e9 ou vos cartes de garantie vous fournissent souvent des informations relatives \u00e0 votre client\u00e8le. Mais savez-vous pr\u00e9cis\u00e9ment o\u00f9 se situe votre zone de chalandise ? Utilisez-vous les bons codes postaux pour la distribution de vos d\u00e9pliants ? Un nouvel emplacement chevauche-t-il la zone de chalandise d&rsquo;une filiale existante ?\u00a0 Nous pouvons (litt\u00e9ralement) vous procurer ces informations. Elles vous fourniront davantage d\u2019indications que n\u2019importe quelle autre liste.<\/p>\n<hr style=\"border:none;border-top:2px dotted #006A91;color:#fff;background-color:#fff;height:2px;\">\n<h4><strong>Quel est notre r\u00e9seau de points de vente optimal\u00a0?<\/strong><\/h4>\n<p>C\u2019est une question qui nous a d\u00e9j\u00e0 \u00e9t\u00e9 pos\u00e9e par plusieurs d\u00e9taillants : l\u2019un a adopt\u00e9 une enseigne diff\u00e9rente et veut savoir quel est l\u2019optimum de cette nouvelle combinaison. L\u2019autre d\u00e9cide de fusionner les deux enseignes sous un seul et m\u00eame nom, et veut savoir o\u00f9 il risque d\u2019y avoir trop de chevauchement, ou au contraire, o\u00f9 il reste de la place pour l\u2019enseigne. Un autre encore souhaite examiner de pr\u00e8s son r\u00e9seau de points de vente actuel. Corn\u00e9 Mulders de Blokker\u00a0 nous raconte comment, avec l\u2019aide de Locatus, ils ont examin\u00e9 de pr\u00e8s leur r\u00e9seau de points de vente.<\/p>\n<p><img loading=\"lazy\" class=\"alignnone size-full wp-image-13778\" src=\"https:\/\/locatus.com\/wp-content\/uploads\/2020\/07\/RetailRoadMap_FR.jpg\" alt=\"Retail Road Map Francais\" width=\"724\" height=\"340\" srcset=\"https:\/\/locatus.com\/wp-content\/uploads\/2020\/07\/RetailRoadMap_FR.jpg 724w, https:\/\/locatus.com\/wp-content\/uploads\/2020\/07\/RetailRoadMap_FR-300x141.jpg 300w, https:\/\/locatus.com\/wp-content\/uploads\/2020\/07\/RetailRoadMap_FR-170x80.jpg 170w, https:\/\/locatus.com\/wp-content\/uploads\/2020\/07\/RetailRoadMap_FR-256x120.jpg 256w, https:\/\/locatus.com\/wp-content\/uploads\/2020\/07\/RetailRoadMap_FR-200x94.jpg 200w, https:\/\/locatus.com\/wp-content\/uploads\/2020\/07\/RetailRoadMap_FR-290x136.jpg 290w\" sizes=\"(max-width: 724px) 100vw, 724px\" \/><\/p>\n<p>&nbsp;<\/p>\n<hr style=\"border:none;border-top:2px dotted #006A91;color:#fff;background-color:#fff;height:2px;\">\n<h4><strong>O\u00f9 se situent les meilleures opportunit\u00e9s g\u00e9ographiques pour un nouveau magasin\u00a0?<\/strong><\/h4>\n<p>Que votre objectif soit de 5 ou de 275 emplacements, la question reste la m\u00eame\u00a0: o\u00f9 se situent g\u00e9ographiquement parlant les meilleures opportunit\u00e9s\u00a0? Le plan des points blancs offre une solution\u00a0: il vous donne un aper\u00e7u des endroits o\u00f9 vous pouvez encore vous \u00e9tablir avec succ\u00e8s dans votre zone d\u2019activit\u00e9, de sorte que vous puissiez y effectuer une recherche cibl\u00e9e \u00a0ou filtrer rapidement les emplacements propos\u00e9s en fonction de leur pertinence.<\/p>\n<p>Nous pouvons cr\u00e9er pour vous un plan de points blancs en utilisant notre base de donn\u00e9es actuelle sur le retail comprenant des informations sur la pression concurrentielle et l&rsquo;attrait des zones de chalandise. Avez-vous d\u00e9j\u00e0 plusieurs zones actives ? Nous pouvons d\u00e8s lors analyser quelles caract\u00e9ristiques expliquent le chiffre d&rsquo;affaires. Nous utilisons ensuite ces connaissances pour \u00e9laborer un plan de points blancs personnalis\u00e9.<\/p>\n<h4><strong>Quel est l\u2019effet d\u2019un red\u00e9veloppement sur les flux de passage dans la zone commerciale ?<\/strong><\/h4>\n<p>Nous pouvons \u00e9tablir pour vous une pr\u00e9vision des flux de passage futurs. Quel sera l\u2019effet sur ces flux si une nouvelle zone commerciale vient s\u2019ajouter au paysage? Ou bien si des points de vente fusionnent ou sont d\u00e9plac\u00e9s? Bien que ces pr\u00e9visions ne soient pas une science exacte, dans les cas pr\u00e9c\u00e9dents, les r\u00e9sultats se sont finalement r\u00e9v\u00e9l\u00e9s tr\u00e8s proches de la r\u00e9alit\u00e9. Un rapport ind\u00e9pendant offre \u00e0 toutes les parties en pr\u00e9sence davantage de clart\u00e9 et de s\u00e9curit\u00e9 quant aux cons\u00e9quences pour l\u2019avenir.<\/p>\n","protected":false},"excerpt":{"rendered":"<p>L\u2019emplacement est au centre de nombre de vos d\u00e9cisions. O\u00f9 vais-je ouvrir une nouvelle filiale ? Est-il pr\u00e9f\u00e9rable de d\u00e9m\u00e9nager dans un autre endroit ? Mes points de vente ne sont-ils pas trop proches les uns des autres, ou y a-t-il de la place pour plus. Quel est le potentiel de cet emplacement en termes [&hellip;]<\/p>\n","protected":false},"author":8,"featured_media":0,"parent":0,"menu_order":0,"comment_status":"closed","ping_status":"closed","template":"templates\/template_products.php","meta":[],"acf":[],"yoast_head":"<!-- This site is optimized with the Yoast SEO plugin v20.4 - https:\/\/yoast.com\/wordpress\/plugins\/seo\/ -->\n<title>Retail - Locatus<\/title>\n<meta name=\"robots\" content=\"index, follow, max-snippet:-1, max-image-preview:large, max-video-preview:-1\" \/>\n<link rel=\"canonical\" href=\"https:\/\/locatus.com\/fr\/retail\/\" \/>\n<meta property=\"og:locale\" content=\"fr_FR\" \/>\n<meta property=\"og:type\" content=\"article\" \/>\n<meta property=\"og:title\" content=\"Retail - Locatus\" \/>\n<meta property=\"og:description\" content=\"L\u2019emplacement est au centre de nombre de vos d\u00e9cisions. O\u00f9 vais-je ouvrir une nouvelle filiale ? Est-il pr\u00e9f\u00e9rable de d\u00e9m\u00e9nager dans un autre endroit ? Mes points de vente ne sont-ils pas trop proches les uns des autres, ou y a-t-il de la place pour plus. Quel est le potentiel de cet emplacement en termes [&hellip;]\" \/>\n<meta property=\"og:url\" content=\"https:\/\/locatus.com\/fr\/retail\/\" \/>\n<meta property=\"og:site_name\" content=\"Locatus\" \/>\n<meta property=\"article:modified_time\" content=\"2023-06-28T09:41:39+00:00\" \/>\n<meta property=\"og:image\" content=\"https:\/\/locatus.com\/wp-content\/uploads\/2020\/07\/RetailRoadMap_FR.jpg\" \/>\n<meta name=\"twitter:card\" content=\"summary_large_image\" \/>\n<meta name=\"twitter:label1\" content=\"Dur\u00e9e de lecture estim\u00e9e\" \/>\n\t<meta name=\"twitter:data1\" content=\"5 minutes\" \/>\n<script type=\"application\/ld+json\" class=\"yoast-schema-graph\">{\"@context\":\"https:\/\/schema.org\",\"@graph\":[{\"@type\":\"WebPage\",\"@id\":\"https:\/\/locatus.com\/fr\/retail\/\",\"url\":\"https:\/\/locatus.com\/fr\/retail\/\",\"name\":\"Retail - Locatus\",\"isPartOf\":{\"@id\":\"https:\/\/locatus.com\/#website\"},\"datePublished\":\"2020-07-23T11:25:04+00:00\",\"dateModified\":\"2023-06-28T09:41:39+00:00\",\"breadcrumb\":{\"@id\":\"https:\/\/locatus.com\/fr\/retail\/#breadcrumb\"},\"inLanguage\":\"fr-FR\",\"potentialAction\":[{\"@type\":\"ReadAction\",\"target\":[\"https:\/\/locatus.com\/fr\/retail\/\"]}]},{\"@type\":\"BreadcrumbList\",\"@id\":\"https:\/\/locatus.com\/fr\/retail\/#breadcrumb\",\"itemListElement\":[{\"@type\":\"ListItem\",\"position\":1,\"name\":\"Home\",\"item\":\"https:\/\/locatus.com\/fr\/\"},{\"@type\":\"ListItem\",\"position\":2,\"name\":\"Retail\"}]},{\"@type\":\"WebSite\",\"@id\":\"https:\/\/locatus.com\/#website\",\"url\":\"https:\/\/locatus.com\/\",\"name\":\"Locatus\",\"description\":\"\",\"potentialAction\":[{\"@type\":\"SearchAction\",\"target\":{\"@type\":\"EntryPoint\",\"urlTemplate\":\"https:\/\/locatus.com\/?s={search_term_string}\"},\"query-input\":\"required name=search_term_string\"}],\"inLanguage\":\"fr-FR\"}]}<\/script>\n<!-- \/ Yoast SEO plugin. -->","yoast_head_json":{"title":"Retail - Locatus","robots":{"index":"index","follow":"follow","max-snippet":"max-snippet:-1","max-image-preview":"max-image-preview:large","max-video-preview":"max-video-preview:-1"},"canonical":"https:\/\/locatus.com\/fr\/retail\/","og_locale":"fr_FR","og_type":"article","og_title":"Retail - Locatus","og_description":"L\u2019emplacement est au centre de nombre de vos d\u00e9cisions. O\u00f9 vais-je ouvrir une nouvelle filiale ? Est-il pr\u00e9f\u00e9rable de d\u00e9m\u00e9nager dans un autre endroit ? Mes points de vente ne sont-ils pas trop proches les uns des autres, ou y a-t-il de la place pour plus. Quel est le potentiel de cet emplacement en termes [&hellip;]","og_url":"https:\/\/locatus.com\/fr\/retail\/","og_site_name":"Locatus","article_modified_time":"2023-06-28T09:41:39+00:00","og_image":[{"url":"https:\/\/locatus.com\/wp-content\/uploads\/2020\/07\/RetailRoadMap_FR.jpg"}],"twitter_card":"summary_large_image","twitter_misc":{"Dur\u00e9e de lecture estim\u00e9e":"5 minutes"},"schema":{"@context":"https:\/\/schema.org","@graph":[{"@type":"WebPage","@id":"https:\/\/locatus.com\/fr\/retail\/","url":"https:\/\/locatus.com\/fr\/retail\/","name":"Retail - Locatus","isPartOf":{"@id":"https:\/\/locatus.com\/#website"},"datePublished":"2020-07-23T11:25:04+00:00","dateModified":"2023-06-28T09:41:39+00:00","breadcrumb":{"@id":"https:\/\/locatus.com\/fr\/retail\/#breadcrumb"},"inLanguage":"fr-FR","potentialAction":[{"@type":"ReadAction","target":["https:\/\/locatus.com\/fr\/retail\/"]}]},{"@type":"BreadcrumbList","@id":"https:\/\/locatus.com\/fr\/retail\/#breadcrumb","itemListElement":[{"@type":"ListItem","position":1,"name":"Home","item":"https:\/\/locatus.com\/fr\/"},{"@type":"ListItem","position":2,"name":"Retail"}]},{"@type":"WebSite","@id":"https:\/\/locatus.com\/#website","url":"https:\/\/locatus.com\/","name":"Locatus","description":"","potentialAction":[{"@type":"SearchAction","target":{"@type":"EntryPoint","urlTemplate":"https:\/\/locatus.com\/?s={search_term_string}"},"query-input":"required name=search_term_string"}],"inLanguage":"fr-FR"}]}},"_links":{"self":[{"href":"https:\/\/locatus.com\/fr\/wp-json\/wp\/v2\/pages\/13777"}],"collection":[{"href":"https:\/\/locatus.com\/fr\/wp-json\/wp\/v2\/pages"}],"about":[{"href":"https:\/\/locatus.com\/fr\/wp-json\/wp\/v2\/types\/page"}],"author":[{"embeddable":true,"href":"https:\/\/locatus.com\/fr\/wp-json\/wp\/v2\/users\/8"}],"replies":[{"embeddable":true,"href":"https:\/\/locatus.com\/fr\/wp-json\/wp\/v2\/comments?post=13777"}],"version-history":[{"count":2,"href":"https:\/\/locatus.com\/fr\/wp-json\/wp\/v2\/pages\/13777\/revisions"}],"predecessor-version":[{"id":21205,"href":"https:\/\/locatus.com\/fr\/wp-json\/wp\/v2\/pages\/13777\/revisions\/21205"}],"wp:attachment":[{"href":"https:\/\/locatus.com\/fr\/wp-json\/wp\/v2\/media?parent=13777"}],"curies":[{"name":"wp","href":"https:\/\/api.w.org\/{rel}","templated":true}]}}