{"id":13792,"date":"2020-07-23T15:19:53","date_gmt":"2020-07-23T13:19:53","guid":{"rendered":"https:\/\/locatus.com\/?page_id=13792"},"modified":"2023-06-28T11:43:32","modified_gmt":"2023-06-28T09:43:32","slug":"autres-secteurs","status":"publish","type":"page","link":"https:\/\/locatus.com\/fr\/autres-secteurs\/","title":{"rendered":"Autres Secteurs"},"content":{"rendered":"<p><em>La majeure partie de nos clients ont affaire \u00e0 l\u2019immobilier retail d\u2019une mani\u00e8re ou d\u2019une autre\u00a0: en qualit\u00e9 de retailer, de commune, d\u2019agence immobili\u00e8re ou de conseiller. Il existe par ailleurs un groupe de clients qu\u2019il est difficile de regrouper sous un seul et m\u00eame intitul\u00e9. <\/em><\/p>\n<h4><strong>Des interrogations diverses et vari\u00e9es, une mine d\u2019informations<\/strong><\/h4>\n<p>Nous recevons r\u00e9guli\u00e8rement des questions de diff\u00e9rents secteurs. D\u00e8s lors qu\u2019il s\u2019agit d\u2019emplacements retail, de concurrence, d\u2019ampleur de march\u00e9, de flux de passants ou de th\u00e8mes y aff\u00e9rents, nos banques de donn\u00e9es fourmillent d\u2019informations. N\u2019h\u00e9sitez par cons\u00e9quent pas \u00e0 nous poser votre question. Nous nous ferons un plaisir d\u2019y r\u00e9pondre.<\/p>\n<p><em>Prenons par exemple\u00a0:<\/em><\/p>\n<h4><strong>Fournisseurs du retail<\/strong><\/h4>\n<p>Certains fabricants de marques utilisent les donn\u00e9es Locatus pour optimiser leurs ventes. Sur la base des superficies commerciales de la base de donn\u00e9es Locatus, les <strong>fr\u00e9quences de visite <\/strong>sont d\u00e9termin\u00e9es pour leur service ext\u00e9rieur.<\/p>\n<p>Autre exemple\u00a0: un fabricant de marque qui utilise nos donn\u00e9es pour ses pr\u00e9visionnels. Combien de chiffre d\u2019affaires ce magasin devrait-il pouvoir r\u00e9aliser\u00a0? Ainsi, ils peuvent d\u00e9terminer si leurs produits repr\u00e9sentent une <strong>part suffisante du chiffre d\u2019affaires<\/strong>.<\/p>\n<p>Encore un exemple\u00a0: le fournisseur soucieux d\u2019aider ses clients. Si un point de vente planchait sur un <strong>trajet de financement <\/strong>aupr\u00e8s d\u2019une banque, les conseillers du fournisseur aidaient le point de vente \u00e0 fournir un rapport d\u00fbment \u00e9tay\u00e9. A l\u2019aide des donn\u00e9es Locatus, ils ont pu \u00e9tayer leur potentiel de march\u00e9 et expliquer la raison pour laquelle cet emplacement est le bon: quel est l\u2019espace de march\u00e9, quelle est l\u2019ampleur de la pression concurrentielle, quel est le chiffre d\u2019affaires r\u00e9el pour mon point de vente etc.<\/p>\n<h4><strong>Inspecteurs ou contr\u00f4leurs<\/strong><\/h4>\n<p>Les organismes qui se livrent \u00e0 des activit\u00e9s de contr\u00f4le utilisent les donn\u00e9es Locatus pour pouvoir planifier les contr\u00f4les de mani\u00e8re structur\u00e9e. Qu\u2019est-ce qu\u2019un itin\u00e9raire pratique\u00a0? Passerais-je \u00e0 c\u00f4t\u00e9 d\u2019emplacements importants\u00a0? Qu\u2019il s\u2019agisse de l\u2019\u00e9talonnage de balances ou du contr\u00f4le de l\u2019hygi\u00e8ne dans l\u2019horeca.<\/p>\n<h4><strong>Scientifiques et d\u00e9cideurs politiques<\/strong><\/h4>\n<p>Le JOGG &#8211; organisme n\u00e9erlandais ax\u00e9 sur une jeunesse saine pour un avenir sain &#8211; est ainsi arriv\u00e9 \u00e0 la conclusion que le nombre de cha\u00eenes de fastfood autour des \u00e9coles dans les quartiers d\u00e9favoris\u00e9s est en augmentation. A l\u2019aide de nos donn\u00e9es, il en ont conclu qu\u2019il existe une diff\u00e9rence marqu\u00e9e entre le nombre de cha\u00eenes de fastfood autour des \u00e9coles dans les quartiers hupp\u00e9s et les quartiers d\u00e9favoris\u00e9s. Et ce n\u2019est pas la seule \u00e9tude consacr\u00e9e aux aliments pour laquelle nos donn\u00e9es ont \u00e9t\u00e9 mises \u00e0 profit. Ou prenons l\u2019exemple de l\u2019enqu\u00eate de la VU-Universiteit consacr\u00e9e \u00e0 l\u2019ob\u00e9sit\u00e9.<\/p>\n<h4><strong>Et quelque chose de totalement diff\u00e9rent&#8230;<\/strong><\/h4>\n<p>Les discussions perdurent depuis des ann\u00e9es: consignes ou non sur les petites bouteilles en plastique. Avant qu\u2019une d\u00e9cision ne puisse \u00eatre prise, il fallait bien peser toutes les cons\u00e9quences. L\u2019une des questions auxquelles r\u00e9pondre est: o\u00f9 ces bouteilles sont-elles vendues? Et o\u00f9 des points de collecte doivent-ils \u00eatre disponibles\u00a0? C\u2019est en effet totalement diff\u00e9rent que pour les grandes bouteilles utilis\u00e9es \u00e0 la maison et amen\u00e9es avec les courses. Les petites bouteilles sont notamment achet\u00e9es et consomm\u00e9es <em>lors des d\u00e9placements.<\/em> Et l\u2019on souhaite \u00e9galement s\u2019en d\u00e9barrasser sur le moment. <strong>Locatus a &#8211; litt\u00e9ralement &#8211; cartographi\u00e9 les diff\u00e9rents types de points de vente des petites bouteilles en PET.<\/strong> Les d\u00e9s sont entre-temps jet\u00e9s: \u00e0 partir du 1er juillet 2021, les petites bouteilles aussi seront consign\u00e9es.<\/p>\n","protected":false},"excerpt":{"rendered":"<p>La majeure partie de nos clients ont affaire \u00e0 l\u2019immobilier retail d\u2019une mani\u00e8re ou d\u2019une autre\u00a0: en qualit\u00e9 de retailer, de commune, d\u2019agence immobili\u00e8re ou de conseiller. Il existe par ailleurs un groupe de clients qu\u2019il est difficile de regrouper sous un seul et m\u00eame intitul\u00e9. Des interrogations diverses et vari\u00e9es, une mine d\u2019informations Nous [&hellip;]<\/p>\n","protected":false},"author":8,"featured_media":0,"parent":0,"menu_order":0,"comment_status":"closed","ping_status":"closed","template":"templates\/template_products.php","meta":[],"acf":[],"yoast_head":"<!-- This site is optimized with the Yoast SEO plugin v20.4 - https:\/\/yoast.com\/wordpress\/plugins\/seo\/ -->\n<title>Autres Secteurs - Locatus<\/title>\n<meta name=\"robots\" content=\"index, follow, max-snippet:-1, max-image-preview:large, max-video-preview:-1\" \/>\n<link rel=\"canonical\" href=\"https:\/\/locatus.com\/fr\/autres-secteurs\/\" \/>\n<meta property=\"og:locale\" content=\"fr_FR\" \/>\n<meta property=\"og:type\" content=\"article\" \/>\n<meta property=\"og:title\" content=\"Autres Secteurs - Locatus\" \/>\n<meta property=\"og:description\" content=\"La majeure partie de nos clients ont affaire \u00e0 l\u2019immobilier retail d\u2019une mani\u00e8re ou d\u2019une autre\u00a0: en qualit\u00e9 de retailer, de commune, d\u2019agence immobili\u00e8re ou de conseiller. Il existe par ailleurs un groupe de clients qu\u2019il est difficile de regrouper sous un seul et m\u00eame intitul\u00e9. Des interrogations diverses et vari\u00e9es, une mine d\u2019informations Nous [&hellip;]\" \/>\n<meta property=\"og:url\" content=\"https:\/\/locatus.com\/fr\/autres-secteurs\/\" \/>\n<meta property=\"og:site_name\" content=\"Locatus\" \/>\n<meta property=\"article:modified_time\" content=\"2023-06-28T09:43:32+00:00\" \/>\n<meta name=\"twitter:card\" content=\"summary_large_image\" \/>\n<meta name=\"twitter:label1\" content=\"Dur\u00e9e de lecture estim\u00e9e\" \/>\n\t<meta name=\"twitter:data1\" content=\"3 minutes\" \/>\n<script type=\"application\/ld+json\" class=\"yoast-schema-graph\">{\"@context\":\"https:\/\/schema.org\",\"@graph\":[{\"@type\":\"WebPage\",\"@id\":\"https:\/\/locatus.com\/fr\/autres-secteurs\/\",\"url\":\"https:\/\/locatus.com\/fr\/autres-secteurs\/\",\"name\":\"Autres Secteurs - Locatus\",\"isPartOf\":{\"@id\":\"https:\/\/locatus.com\/#website\"},\"datePublished\":\"2020-07-23T13:19:53+00:00\",\"dateModified\":\"2023-06-28T09:43:32+00:00\",\"breadcrumb\":{\"@id\":\"https:\/\/locatus.com\/fr\/autres-secteurs\/#breadcrumb\"},\"inLanguage\":\"fr-FR\",\"potentialAction\":[{\"@type\":\"ReadAction\",\"target\":[\"https:\/\/locatus.com\/fr\/autres-secteurs\/\"]}]},{\"@type\":\"BreadcrumbList\",\"@id\":\"https:\/\/locatus.com\/fr\/autres-secteurs\/#breadcrumb\",\"itemListElement\":[{\"@type\":\"ListItem\",\"position\":1,\"name\":\"Home\",\"item\":\"https:\/\/locatus.com\/fr\/\"},{\"@type\":\"ListItem\",\"position\":2,\"name\":\"Autres Secteurs\"}]},{\"@type\":\"WebSite\",\"@id\":\"https:\/\/locatus.com\/#website\",\"url\":\"https:\/\/locatus.com\/\",\"name\":\"Locatus\",\"description\":\"\",\"potentialAction\":[{\"@type\":\"SearchAction\",\"target\":{\"@type\":\"EntryPoint\",\"urlTemplate\":\"https:\/\/locatus.com\/?s={search_term_string}\"},\"query-input\":\"required name=search_term_string\"}],\"inLanguage\":\"fr-FR\"}]}<\/script>\n<!-- \/ Yoast SEO plugin. -->","yoast_head_json":{"title":"Autres Secteurs - Locatus","robots":{"index":"index","follow":"follow","max-snippet":"max-snippet:-1","max-image-preview":"max-image-preview:large","max-video-preview":"max-video-preview:-1"},"canonical":"https:\/\/locatus.com\/fr\/autres-secteurs\/","og_locale":"fr_FR","og_type":"article","og_title":"Autres Secteurs - Locatus","og_description":"La majeure partie de nos clients ont affaire \u00e0 l\u2019immobilier retail d\u2019une mani\u00e8re ou d\u2019une autre\u00a0: en qualit\u00e9 de retailer, de commune, d\u2019agence immobili\u00e8re ou de conseiller. Il existe par ailleurs un groupe de clients qu\u2019il est difficile de regrouper sous un seul et m\u00eame intitul\u00e9. Des interrogations diverses et vari\u00e9es, une mine d\u2019informations Nous [&hellip;]","og_url":"https:\/\/locatus.com\/fr\/autres-secteurs\/","og_site_name":"Locatus","article_modified_time":"2023-06-28T09:43:32+00:00","twitter_card":"summary_large_image","twitter_misc":{"Dur\u00e9e de lecture estim\u00e9e":"3 minutes"},"schema":{"@context":"https:\/\/schema.org","@graph":[{"@type":"WebPage","@id":"https:\/\/locatus.com\/fr\/autres-secteurs\/","url":"https:\/\/locatus.com\/fr\/autres-secteurs\/","name":"Autres Secteurs - Locatus","isPartOf":{"@id":"https:\/\/locatus.com\/#website"},"datePublished":"2020-07-23T13:19:53+00:00","dateModified":"2023-06-28T09:43:32+00:00","breadcrumb":{"@id":"https:\/\/locatus.com\/fr\/autres-secteurs\/#breadcrumb"},"inLanguage":"fr-FR","potentialAction":[{"@type":"ReadAction","target":["https:\/\/locatus.com\/fr\/autres-secteurs\/"]}]},{"@type":"BreadcrumbList","@id":"https:\/\/locatus.com\/fr\/autres-secteurs\/#breadcrumb","itemListElement":[{"@type":"ListItem","position":1,"name":"Home","item":"https:\/\/locatus.com\/fr\/"},{"@type":"ListItem","position":2,"name":"Autres Secteurs"}]},{"@type":"WebSite","@id":"https:\/\/locatus.com\/#website","url":"https:\/\/locatus.com\/","name":"Locatus","description":"","potentialAction":[{"@type":"SearchAction","target":{"@type":"EntryPoint","urlTemplate":"https:\/\/locatus.com\/?s={search_term_string}"},"query-input":"required name=search_term_string"}],"inLanguage":"fr-FR"}]}},"_links":{"self":[{"href":"https:\/\/locatus.com\/fr\/wp-json\/wp\/v2\/pages\/13792"}],"collection":[{"href":"https:\/\/locatus.com\/fr\/wp-json\/wp\/v2\/pages"}],"about":[{"href":"https:\/\/locatus.com\/fr\/wp-json\/wp\/v2\/types\/page"}],"author":[{"embeddable":true,"href":"https:\/\/locatus.com\/fr\/wp-json\/wp\/v2\/users\/8"}],"replies":[{"embeddable":true,"href":"https:\/\/locatus.com\/fr\/wp-json\/wp\/v2\/comments?post=13792"}],"version-history":[{"count":2,"href":"https:\/\/locatus.com\/fr\/wp-json\/wp\/v2\/pages\/13792\/revisions"}],"predecessor-version":[{"id":21209,"href":"https:\/\/locatus.com\/fr\/wp-json\/wp\/v2\/pages\/13792\/revisions\/21209"}],"wp:attachment":[{"href":"https:\/\/locatus.com\/fr\/wp-json\/wp\/v2\/media?parent=13792"}],"curies":[{"name":"wp","href":"https:\/\/api.w.org\/{rel}","templated":true}]}}