{"id":15799,"date":"2021-04-08T18:20:39","date_gmt":"2021-04-08T16:20:39","guid":{"rendered":"https:\/\/locatus.com\/?page_id=15799"},"modified":"2021-04-08T18:20:39","modified_gmt":"2021-04-08T16:20:39","slug":"benelux-factsheet","status":"publish","type":"page","link":"https:\/\/locatus.com\/fr\/benelux-factsheet\/","title":{"rendered":"Benelux Factsheet"},"content":{"rendered":"<h3>Cliquez sur l&rsquo;image ci-dessous pour t\u00e9l\u00e9charger la fiche d&rsquo;information.<\/h3>\n<p><a href=\"https:\/\/locatus.com\/wp-content\/uploads\/2021\/04\/Locatus-Factsheet-Benelux-2021-FR.pdf\"><img loading=\"lazy\" class=\"alignnone wp-image-15772 size-full\" src=\"https:\/\/locatus.com\/wp-content\/uploads\/2021\/04\/Locatus-Factsheet-Benelux-NL-740.png\" alt=\"\" width=\"740\" height=\"204\" srcset=\"https:\/\/locatus.com\/wp-content\/uploads\/2021\/04\/Locatus-Factsheet-Benelux-NL-740.png 740w, https:\/\/locatus.com\/wp-content\/uploads\/2021\/04\/Locatus-Factsheet-Benelux-NL-740-300x83.png 300w, https:\/\/locatus.com\/wp-content\/uploads\/2021\/04\/Locatus-Factsheet-Benelux-NL-740-290x80.png 290w, https:\/\/locatus.com\/wp-content\/uploads\/2021\/04\/Locatus-Factsheet-Benelux-NL-740-435x120.png 435w, https:\/\/locatus.com\/wp-content\/uploads\/2021\/04\/Locatus-Factsheet-Benelux-NL-740-200x55.png 200w\" sizes=\"(max-width: 740px) 100vw, 740px\" \/><\/a><\/p>\n<p>Cette ann\u00e9e, pour la 5\u00e8me fois, nous publions le Factsheet avec les donn\u00e9es du commerce de d\u00e9tail au Benelux. Cette Factsheet rassemble les chiffres cl\u00e9s les plus importants pour la Belgique, les Pays-Bas et le Luxembourg. Elle donne un aper\u00e7u de l\u2019\u00e9tat actuel des choses. Mais en quoi l\u2019ann\u00e9e 2021 diff\u00e8re-t-elle de 2017 ?<\/p>\n<p>\t\t\t<a href=\"https:\/\/locatus.com\/fr\/blog\/notre-factsheet-benelux-a-5-ans-les-differences-entre-2021-et-2017\/\" class=\"button button--cms button--small  button--support\" title=\"En savoir plus sur notre blog\" target=\"blank\">En savoir plus sur notre blog<\/a><\/p>\n<hr style=\"border:none;border-top:2px dotted #006A91;color:#fff;background-color:#fff;height:2px;\">\n<p>Locatus\u00a0<strong>rassemble elle-m\u00eame<\/strong> des informations sur tous les magasins et les entreprises tourn\u00e9es vers le consommateur et lui proposant des services et ce depuis plus de 20 ans : des boutiques de mode aux salons de coiffure, du restaurant \u00e0 la station-service ou du magasin de chaussures au supermarch\u00e9. Des donn\u00e9es \u00e0 jour et compl\u00e8tes concernant le paysage commercial changeant \u2013 \u00e0 l\u2019intention des d\u00e9taillants, des communes ou des promoteurs immobiliers.<\/p>\n<p>En savoir plus?\u00a0 Contactez nous : +32(0)2 267 2800 ou st\u00e9phane.roumieux@locatus.com.<\/p>\n","protected":false},"excerpt":{"rendered":"<p>Cliquez sur l&rsquo;image ci-dessous pour t\u00e9l\u00e9charger la fiche d&rsquo;information. Cette ann\u00e9e, pour la 5\u00e8me fois, nous publions le Factsheet avec les donn\u00e9es du commerce de d\u00e9tail au Benelux. Cette Factsheet rassemble les chiffres cl\u00e9s les plus importants pour la Belgique, les Pays-Bas et le Luxembourg. Elle donne un aper\u00e7u de l\u2019\u00e9tat actuel des choses. Mais [&hellip;]<\/p>\n","protected":false},"author":8,"featured_media":0,"parent":0,"menu_order":0,"comment_status":"closed","ping_status":"closed","template":"","meta":[],"acf":[],"yoast_head":"<!-- This site is optimized with the Yoast SEO plugin v20.4 - https:\/\/yoast.com\/wordpress\/plugins\/seo\/ -->\n<title>Benelux Factsheet - Locatus<\/title>\n<meta name=\"robots\" content=\"index, follow, max-snippet:-1, max-image-preview:large, max-video-preview:-1\" \/>\n<link rel=\"canonical\" href=\"https:\/\/locatus.com\/fr\/benelux-factsheet\/\" \/>\n<meta property=\"og:locale\" content=\"fr_FR\" \/>\n<meta property=\"og:type\" content=\"article\" \/>\n<meta property=\"og:title\" content=\"Benelux Factsheet - Locatus\" \/>\n<meta property=\"og:description\" content=\"Cliquez sur l&rsquo;image ci-dessous pour t\u00e9l\u00e9charger la fiche d&rsquo;information. Cette ann\u00e9e, pour la 5\u00e8me fois, nous publions le Factsheet avec les donn\u00e9es du commerce de d\u00e9tail au Benelux. Cette Factsheet rassemble les chiffres cl\u00e9s les plus importants pour la Belgique, les Pays-Bas et le Luxembourg. Elle donne un aper\u00e7u de l\u2019\u00e9tat actuel des choses. Mais [&hellip;]\" \/>\n<meta property=\"og:url\" content=\"https:\/\/locatus.com\/fr\/benelux-factsheet\/\" \/>\n<meta property=\"og:site_name\" content=\"Locatus\" \/>\n<meta property=\"og:image\" content=\"https:\/\/locatus.com\/wp-content\/uploads\/2021\/04\/Locatus-Factsheet-Benelux-NL-740.png\" \/>\n<meta name=\"twitter:card\" content=\"summary_large_image\" \/>\n<meta name=\"twitter:label1\" content=\"Dur\u00e9e de lecture estim\u00e9e\" \/>\n\t<meta name=\"twitter:data1\" content=\"1 minute\" \/>\n<script type=\"application\/ld+json\" class=\"yoast-schema-graph\">{\"@context\":\"https:\/\/schema.org\",\"@graph\":[{\"@type\":\"WebPage\",\"@id\":\"https:\/\/locatus.com\/fr\/benelux-factsheet\/\",\"url\":\"https:\/\/locatus.com\/fr\/benelux-factsheet\/\",\"name\":\"Benelux Factsheet - Locatus\",\"isPartOf\":{\"@id\":\"https:\/\/locatus.com\/#website\"},\"datePublished\":\"2021-04-08T16:20:39+00:00\",\"dateModified\":\"2021-04-08T16:20:39+00:00\",\"breadcrumb\":{\"@id\":\"https:\/\/locatus.com\/fr\/benelux-factsheet\/#breadcrumb\"},\"inLanguage\":\"fr-FR\",\"potentialAction\":[{\"@type\":\"ReadAction\",\"target\":[\"https:\/\/locatus.com\/fr\/benelux-factsheet\/\"]}]},{\"@type\":\"BreadcrumbList\",\"@id\":\"https:\/\/locatus.com\/fr\/benelux-factsheet\/#breadcrumb\",\"itemListElement\":[{\"@type\":\"ListItem\",\"position\":1,\"name\":\"Home\",\"item\":\"https:\/\/locatus.com\/fr\/\"},{\"@type\":\"ListItem\",\"position\":2,\"name\":\"Benelux Factsheet\"}]},{\"@type\":\"WebSite\",\"@id\":\"https:\/\/locatus.com\/#website\",\"url\":\"https:\/\/locatus.com\/\",\"name\":\"Locatus\",\"description\":\"\",\"potentialAction\":[{\"@type\":\"SearchAction\",\"target\":{\"@type\":\"EntryPoint\",\"urlTemplate\":\"https:\/\/locatus.com\/?s={search_term_string}\"},\"query-input\":\"required name=search_term_string\"}],\"inLanguage\":\"fr-FR\"}]}<\/script>\n<!-- \/ Yoast SEO plugin. -->","yoast_head_json":{"title":"Benelux Factsheet - Locatus","robots":{"index":"index","follow":"follow","max-snippet":"max-snippet:-1","max-image-preview":"max-image-preview:large","max-video-preview":"max-video-preview:-1"},"canonical":"https:\/\/locatus.com\/fr\/benelux-factsheet\/","og_locale":"fr_FR","og_type":"article","og_title":"Benelux Factsheet - Locatus","og_description":"Cliquez sur l&rsquo;image ci-dessous pour t\u00e9l\u00e9charger la fiche d&rsquo;information. Cette ann\u00e9e, pour la 5\u00e8me fois, nous publions le Factsheet avec les donn\u00e9es du commerce de d\u00e9tail au Benelux. Cette Factsheet rassemble les chiffres cl\u00e9s les plus importants pour la Belgique, les Pays-Bas et le Luxembourg. Elle donne un aper\u00e7u de l\u2019\u00e9tat actuel des choses. Mais [&hellip;]","og_url":"https:\/\/locatus.com\/fr\/benelux-factsheet\/","og_site_name":"Locatus","og_image":[{"url":"https:\/\/locatus.com\/wp-content\/uploads\/2021\/04\/Locatus-Factsheet-Benelux-NL-740.png"}],"twitter_card":"summary_large_image","twitter_misc":{"Dur\u00e9e de lecture estim\u00e9e":"1 minute"},"schema":{"@context":"https:\/\/schema.org","@graph":[{"@type":"WebPage","@id":"https:\/\/locatus.com\/fr\/benelux-factsheet\/","url":"https:\/\/locatus.com\/fr\/benelux-factsheet\/","name":"Benelux Factsheet - Locatus","isPartOf":{"@id":"https:\/\/locatus.com\/#website"},"datePublished":"2021-04-08T16:20:39+00:00","dateModified":"2021-04-08T16:20:39+00:00","breadcrumb":{"@id":"https:\/\/locatus.com\/fr\/benelux-factsheet\/#breadcrumb"},"inLanguage":"fr-FR","potentialAction":[{"@type":"ReadAction","target":["https:\/\/locatus.com\/fr\/benelux-factsheet\/"]}]},{"@type":"BreadcrumbList","@id":"https:\/\/locatus.com\/fr\/benelux-factsheet\/#breadcrumb","itemListElement":[{"@type":"ListItem","position":1,"name":"Home","item":"https:\/\/locatus.com\/fr\/"},{"@type":"ListItem","position":2,"name":"Benelux Factsheet"}]},{"@type":"WebSite","@id":"https:\/\/locatus.com\/#website","url":"https:\/\/locatus.com\/","name":"Locatus","description":"","potentialAction":[{"@type":"SearchAction","target":{"@type":"EntryPoint","urlTemplate":"https:\/\/locatus.com\/?s={search_term_string}"},"query-input":"required name=search_term_string"}],"inLanguage":"fr-FR"}]}},"_links":{"self":[{"href":"https:\/\/locatus.com\/fr\/wp-json\/wp\/v2\/pages\/15799"}],"collection":[{"href":"https:\/\/locatus.com\/fr\/wp-json\/wp\/v2\/pages"}],"about":[{"href":"https:\/\/locatus.com\/fr\/wp-json\/wp\/v2\/types\/page"}],"author":[{"embeddable":true,"href":"https:\/\/locatus.com\/fr\/wp-json\/wp\/v2\/users\/8"}],"replies":[{"embeddable":true,"href":"https:\/\/locatus.com\/fr\/wp-json\/wp\/v2\/comments?post=15799"}],"version-history":[{"count":2,"href":"https:\/\/locatus.com\/fr\/wp-json\/wp\/v2\/pages\/15799\/revisions"}],"predecessor-version":[{"id":15805,"href":"https:\/\/locatus.com\/fr\/wp-json\/wp\/v2\/pages\/15799\/revisions\/15805"}],"wp:attachment":[{"href":"https:\/\/locatus.com\/fr\/wp-json\/wp\/v2\/media?parent=15799"}],"curies":[{"name":"wp","href":"https:\/\/api.w.org\/{rel}","templated":true}]}}