{"id":6399,"date":"2016-07-29T15:19:31","date_gmt":"2016-07-29T14:19:31","guid":{"rendered":"https:\/\/locatus.com\/fr\/?page_id=6399"},"modified":"2016-10-05T14:50:44","modified_gmt":"2016-10-05T13:50:44","slug":"disclaimer","status":"publish","type":"page","link":"https:\/\/locatus.com\/fr\/disclaimer\/","title":{"rendered":"Disclaimer"},"content":{"rendered":"<p><strong>G\u00e9n\u00e9ralit\u00e9s<\/strong><\/p>\n<p>Ce qui suit s\u2019applique \u00e0 la page web. En utilisant la page web, vous marquez votre accord avec ce disclaimer.<\/p>\n<p><strong>D\u00e9claration de respect de la vie priv\u00e9e<\/strong><\/p>\n<p>Vous pouvez consulter ce site Internet sans nous faire part de qui vous \u00eates ou nous fournir une quelconque information sur vous. Il y a cependant des situations o\u00f9 nous avons besoin d\u2019informations de votre part, par exemple pour correspondre avec vous ou r\u00e9aliser une inscription. Nous nous effor\u00e7ons de vous pr\u00e9venir \u00e0 chaque fois avant de collecter des informations \u00e0 caract\u00e8re personnel par Internet.<\/p>\n<p>Ce site Internet enregistre le nombre de visiteurs, les sites Internet d\u2019o\u00f9 ils viennent et par quel fournisseur ils ont acc\u00e8s \u00e0 l\u2019Internet. Les r\u00e9sultats sont uniquement utilis\u00e9s sous forme group\u00e9e et jamais individuellement.<\/p>\n<p>Les donn\u00e9es (\u00e0 caract\u00e8re personnel) collect\u00e9es ne sont pas vendues ou mises \u00e0 la disposition de tiers, sauf dans des circonstances particuli\u00e8res, par exemple lorsque la loi l\u2019impose. Vous pouvez aussi demander de faire retirer vos donn\u00e9es de nos fichiers d\u00e8s que vous le souhaitez.<\/p>\n<p><strong>Exclusion de responsabilit\u00e9<\/strong><\/p>\n<p>Les informations figurant sur cette page web ne conf\u00e8rent aucun droit. Sous r\u00e9serve de modifications et de fautes de frappe. Nous mettons tout en oeuvre afin de garantir l\u2019exactitude et l\u2019exhaustivit\u00e9 des informations sur cette page web. Locatus d\u00e9cline toute responsabilit\u00e9 en cas de dommages caus\u00e9s de quelque mani\u00e8re que ce soit par l\u2019utilisation, le caract\u00e8re incomplet ou l\u2019inexactitude des informations offertes sur ce site Internet.<\/p>\n<p><strong>Disponibilit\u00e9<\/strong><\/p>\n<p>Les informations et recommandations sur ce site Internet peuvent faire l\u2019objet de modifications sans avertissement ou notification pr\u00e9alable. Nous nous effor\u00e7ons de garantir la meilleure disponibilit\u00e9 possible de cette page web, mais d\u00e9clinons toute responsabilit\u00e9 en cas de cons\u00e9quences \u00e9ventuelles d\u2019une indisponibilit\u00e9 (temporaire).<\/p>\n<p><strong>Droits d\u2019auteur et de propri\u00e9t\u00e9 intellectuelle<\/strong><\/p>\n<p>Le droit d\u2019auteur de ce site Internet revient \u00e0 Locatus ou au tiers qui ont mis ce mat\u00e9riel (visuel) \u00e0 la disposition de Locatus avec son consentement. Toute reproduction, sous quelque forme que ce soit, n\u2019est autoris\u00e9e que moyennant l\u2019accord pr\u00e9alable de Locatus.<\/p>\n<p>&nbsp;<\/p>\n","protected":false},"excerpt":{"rendered":"<p>G\u00e9n\u00e9ralit\u00e9s Ce qui suit s\u2019applique \u00e0 la page web. En utilisant la page web, vous marquez votre accord avec ce disclaimer. D\u00e9claration de respect de la vie priv\u00e9e Vous pouvez consulter ce site Internet sans nous faire part de qui vous \u00eates ou nous fournir une quelconque information sur vous. Il y a cependant des [&hellip;]<\/p>\n","protected":false},"author":8,"featured_media":0,"parent":0,"menu_order":0,"comment_status":"closed","ping_status":"closed","template":"","meta":[],"acf":[],"yoast_head":"<!-- This site is optimized with the Yoast SEO plugin v20.4 - https:\/\/yoast.com\/wordpress\/plugins\/seo\/ -->\n<title>Disclaimer - Locatus<\/title>\n<meta name=\"robots\" content=\"index, follow, max-snippet:-1, max-image-preview:large, max-video-preview:-1\" \/>\n<link rel=\"canonical\" href=\"https:\/\/locatus.com\/fr\/disclaimer\/\" \/>\n<meta property=\"og:locale\" content=\"fr_FR\" \/>\n<meta property=\"og:type\" content=\"article\" \/>\n<meta property=\"og:title\" content=\"Disclaimer - Locatus\" \/>\n<meta property=\"og:description\" content=\"G\u00e9n\u00e9ralit\u00e9s Ce qui suit s\u2019applique \u00e0 la page web. En utilisant la page web, vous marquez votre accord avec ce disclaimer. D\u00e9claration de respect de la vie priv\u00e9e Vous pouvez consulter ce site Internet sans nous faire part de qui vous \u00eates ou nous fournir une quelconque information sur vous. Il y a cependant des [&hellip;]\" \/>\n<meta property=\"og:url\" content=\"https:\/\/locatus.com\/fr\/disclaimer\/\" \/>\n<meta property=\"og:site_name\" content=\"Locatus\" \/>\n<meta property=\"article:modified_time\" content=\"2016-10-05T13:50:44+00:00\" \/>\n<meta name=\"twitter:card\" content=\"summary_large_image\" \/>\n<meta name=\"twitter:label1\" content=\"Dur\u00e9e de lecture estim\u00e9e\" \/>\n\t<meta name=\"twitter:data1\" content=\"2 minutes\" \/>\n<script type=\"application\/ld+json\" class=\"yoast-schema-graph\">{\"@context\":\"https:\/\/schema.org\",\"@graph\":[{\"@type\":\"WebPage\",\"@id\":\"https:\/\/locatus.com\/fr\/disclaimer\/\",\"url\":\"https:\/\/locatus.com\/fr\/disclaimer\/\",\"name\":\"Disclaimer - Locatus\",\"isPartOf\":{\"@id\":\"https:\/\/locatus.com\/#website\"},\"datePublished\":\"2016-07-29T14:19:31+00:00\",\"dateModified\":\"2016-10-05T13:50:44+00:00\",\"breadcrumb\":{\"@id\":\"https:\/\/locatus.com\/fr\/disclaimer\/#breadcrumb\"},\"inLanguage\":\"fr-FR\",\"potentialAction\":[{\"@type\":\"ReadAction\",\"target\":[\"https:\/\/locatus.com\/fr\/disclaimer\/\"]}]},{\"@type\":\"BreadcrumbList\",\"@id\":\"https:\/\/locatus.com\/fr\/disclaimer\/#breadcrumb\",\"itemListElement\":[{\"@type\":\"ListItem\",\"position\":1,\"name\":\"Home\",\"item\":\"https:\/\/locatus.com\/fr\/\"},{\"@type\":\"ListItem\",\"position\":2,\"name\":\"Disclaimer\"}]},{\"@type\":\"WebSite\",\"@id\":\"https:\/\/locatus.com\/#website\",\"url\":\"https:\/\/locatus.com\/\",\"name\":\"Locatus\",\"description\":\"\",\"potentialAction\":[{\"@type\":\"SearchAction\",\"target\":{\"@type\":\"EntryPoint\",\"urlTemplate\":\"https:\/\/locatus.com\/?s={search_term_string}\"},\"query-input\":\"required name=search_term_string\"}],\"inLanguage\":\"fr-FR\"}]}<\/script>\n<!-- \/ Yoast SEO plugin. -->","yoast_head_json":{"title":"Disclaimer - Locatus","robots":{"index":"index","follow":"follow","max-snippet":"max-snippet:-1","max-image-preview":"max-image-preview:large","max-video-preview":"max-video-preview:-1"},"canonical":"https:\/\/locatus.com\/fr\/disclaimer\/","og_locale":"fr_FR","og_type":"article","og_title":"Disclaimer - Locatus","og_description":"G\u00e9n\u00e9ralit\u00e9s Ce qui suit s\u2019applique \u00e0 la page web. En utilisant la page web, vous marquez votre accord avec ce disclaimer. D\u00e9claration de respect de la vie priv\u00e9e Vous pouvez consulter ce site Internet sans nous faire part de qui vous \u00eates ou nous fournir une quelconque information sur vous. Il y a cependant des [&hellip;]","og_url":"https:\/\/locatus.com\/fr\/disclaimer\/","og_site_name":"Locatus","article_modified_time":"2016-10-05T13:50:44+00:00","twitter_card":"summary_large_image","twitter_misc":{"Dur\u00e9e de lecture estim\u00e9e":"2 minutes"},"schema":{"@context":"https:\/\/schema.org","@graph":[{"@type":"WebPage","@id":"https:\/\/locatus.com\/fr\/disclaimer\/","url":"https:\/\/locatus.com\/fr\/disclaimer\/","name":"Disclaimer - Locatus","isPartOf":{"@id":"https:\/\/locatus.com\/#website"},"datePublished":"2016-07-29T14:19:31+00:00","dateModified":"2016-10-05T13:50:44+00:00","breadcrumb":{"@id":"https:\/\/locatus.com\/fr\/disclaimer\/#breadcrumb"},"inLanguage":"fr-FR","potentialAction":[{"@type":"ReadAction","target":["https:\/\/locatus.com\/fr\/disclaimer\/"]}]},{"@type":"BreadcrumbList","@id":"https:\/\/locatus.com\/fr\/disclaimer\/#breadcrumb","itemListElement":[{"@type":"ListItem","position":1,"name":"Home","item":"https:\/\/locatus.com\/fr\/"},{"@type":"ListItem","position":2,"name":"Disclaimer"}]},{"@type":"WebSite","@id":"https:\/\/locatus.com\/#website","url":"https:\/\/locatus.com\/","name":"Locatus","description":"","potentialAction":[{"@type":"SearchAction","target":{"@type":"EntryPoint","urlTemplate":"https:\/\/locatus.com\/?s={search_term_string}"},"query-input":"required name=search_term_string"}],"inLanguage":"fr-FR"}]}},"_links":{"self":[{"href":"https:\/\/locatus.com\/fr\/wp-json\/wp\/v2\/pages\/6399"}],"collection":[{"href":"https:\/\/locatus.com\/fr\/wp-json\/wp\/v2\/pages"}],"about":[{"href":"https:\/\/locatus.com\/fr\/wp-json\/wp\/v2\/types\/page"}],"author":[{"embeddable":true,"href":"https:\/\/locatus.com\/fr\/wp-json\/wp\/v2\/users\/8"}],"replies":[{"embeddable":true,"href":"https:\/\/locatus.com\/fr\/wp-json\/wp\/v2\/comments?post=6399"}],"version-history":[{"count":4,"href":"https:\/\/locatus.com\/fr\/wp-json\/wp\/v2\/pages\/6399\/revisions"}],"predecessor-version":[{"id":6722,"href":"https:\/\/locatus.com\/fr\/wp-json\/wp\/v2\/pages\/6399\/revisions\/6722"}],"wp:attachment":[{"href":"https:\/\/locatus.com\/fr\/wp-json\/wp\/v2\/media?parent=6399"}],"curies":[{"name":"wp","href":"https:\/\/api.w.org\/{rel}","templated":true}]}}