{"id":6925,"date":"2016-11-14T14:38:21","date_gmt":"2016-11-14T13:38:21","guid":{"rendered":"https:\/\/locatus.com\/fr\/?page_id=6925"},"modified":"2023-07-25T15:19:21","modified_gmt":"2023-07-25T13:19:21","slug":"qui-est-locatus","status":"publish","type":"page","link":"https:\/\/locatus.com\/fr\/qui-est-locatus\/","title":{"rendered":"Qui est Locatus?"},"content":{"rendered":"<p>Locatus rassemble par ses propres moyens l\u2019information de base de tous les magasins et entreprises \u2018grand public\u2019 depuis plus de 20 ans : cela va des boutiques de mode aux salons de coiffure, du restaurant \u00e0 la station-service ou du magasin de chaussures au supermarch\u00e9. Nos enqu\u00eateurs sur le terrain parcourent chaque ann\u00e9e toutes les zones commerciales du Benelux, de m\u00eame que les grandes villes europ\u00e9ennes.<\/p>\n<p><strong>Les donn\u00e9es<\/strong> telles que le nom du magasin, la superficie de vente en magasin et le secteur d\u2019activit\u00e9 sont enregistr\u00e9s dans la base de donn\u00e9es. Outre les donn\u00e9es au niveau de l\u2019immeuble, la base de donn\u00e9es contient \u00e9galement des informations sur les zones commerciales, les zones de chalandise, et le flux de passants.<\/p>\n<blockquote><p>Nous\u00a0 collectons donc des informations sur les magasins et les zones commerciales et les rendons accessibles pour nos clients.<\/p><\/blockquote>\n<h2>Pourquoi Locatus ?<\/h2>\n<p>Vous \u00eates \u00e0 la recherche d\u2019informations sur lesquelles fonder votre d\u00e9cision en mati\u00e8re d\u2019immobilier commercial\u00a0?<\/p>\n<p>Mais pourquoi opteriez-vous pr\u00e9cis\u00e9ment pour nos informations ?<\/p>\n<p>Parce que vous \u00eates alors certain de disposer d\u2019<strong>informations actuelles<\/strong>. Actuelles et compl\u00e8tes, car la base de donn\u00e9es contient tous les points de vente du Benelux. Douze collaborateurs sur le terrain sont chaque jour sur les routes pour contr\u00f4ler et compl\u00e9ter personnellement toutes les informations.<\/p>\n<p><a href=\"https:\/\/locatus.com\/wp-content\/uploads\/2019\/12\/Infographic-4-sources-FR.jpg\"><img loading=\"lazy\" class=\"alignnone wp-image-11180 size-full\" src=\"https:\/\/locatus.com\/wp-content\/uploads\/2019\/12\/Infographic-4-sources-FR.jpg\" alt=\"Donnees de Locatus - 4 sources\" width=\"724\" height=\"440\" srcset=\"https:\/\/locatus.com\/wp-content\/uploads\/2019\/12\/Infographic-4-sources-FR.jpg 724w, https:\/\/locatus.com\/wp-content\/uploads\/2019\/12\/Infographic-4-sources-FR-300x182.jpg 300w, https:\/\/locatus.com\/wp-content\/uploads\/2019\/12\/Infographic-4-sources-FR-132x80.jpg 132w, https:\/\/locatus.com\/wp-content\/uploads\/2019\/12\/Infographic-4-sources-FR-197x120.jpg 197w, https:\/\/locatus.com\/wp-content\/uploads\/2019\/12\/Infographic-4-sources-FR-200x122.jpg 200w, https:\/\/locatus.com\/wp-content\/uploads\/2019\/12\/Infographic-4-sources-FR-290x176.jpg 290w\" sizes=\"(max-width: 724px) 100vw, 724px\" \/><\/a><\/p>\n<p>Parce qu\u2019avec nos donn\u00e9es, vous avez entre les mains des <strong>chiffres objectifs<\/strong>. Nous rassemblons toutes les donn\u00e9es \u00e0 nos propres frais et risques. Autrement dit, il ne sera jamais question de conflit d\u2019int\u00e9r\u00eats.<\/p>\n<p>Parce qu\u2019avec nos informations, vous pouvez facilement <strong>comparer <\/strong>entre elles diff\u00e9rentes zones commerciales. Nous rassemblons nos donn\u00e9es en Belgique depuis 15 ans d\u00e9j\u00e0 gr\u00e2ce \u00e0 une m\u00e9thodologie fixe. Par cons\u00e9quent, vous pouvez \u00e9galement identifier des <strong>\u00e9volutions dans le temps<\/strong>.<\/p>\n<p><a href=\"https:\/\/c.spotler.com\/ct\/m14\/k1\/y6hICH_U8LyF57F--qxHZiyIiQuhlk2mqZWtea48txsNLJOnGf9z_FdAA_MpPUDu\/ELuSmsLXD49Pjci\" target=\"_blank\" rel=\"noopener\"><img loading=\"lazy\" class=\"alignnone size-full wp-image-21529\" role=\"img\" src=\"https:\/\/locatus.com\/wp-content\/uploads\/2023\/07\/Banner-nieuwsbrief-FR.svg\" alt=\"\" width=\"555\" height=\"56\" \/><\/a><\/p>\n<h2>Que vous offrent les informations de Locatus ?<\/h2>\n<ul>\n<li><strong>Gain de temps<\/strong>, parce que vous ne devez pas vous-m\u00eame vous mettre au travail pour collecter des informations.<\/li>\n<li><strong>Gain de co\u00fbts<\/strong>, parce que rassembler vous-m\u00eame ces donn\u00e9es co\u00fbte beaucoup plus.<\/li>\n<li><strong>R\u00e9duction des risques<\/strong>, parce que vous faites ainsi les choix optimaux quant aux emplacements des commerces de d\u00e9tail.<\/li>\n<li><strong>Augmentation de rendement<\/strong>, parce que vous faites ainsi les choix optimaux quant aux emplacements des commerces de d\u00e9tail.<\/li>\n<li>Une <strong>justification intelligible<\/strong> et des bases solides pour vos plans s\u2019adressant aux investisseurs, aux clients ou au management.<\/li>\n<\/ul>\n<p>\t\t\t<a href=\"https:\/\/locatus.com\/fr\/faites-la-connaissance-de-lequipe-de-locatus\/\" class=\"button button--cms button--small  button--support\" title=\"Faites la connaissance de l\u2019\u00e9quipe de Locatus\" >Faites la connaissance de l\u2019\u00e9quipe de Locatus<\/a><\/p>\n","protected":false},"excerpt":{"rendered":"<p>Locatus rassemble par ses propres moyens l\u2019information de base de tous les magasins et entreprises \u2018grand public\u2019 depuis plus de 20 ans : cela va des boutiques de mode aux salons de coiffure, du restaurant \u00e0 la station-service ou du magasin de chaussures au supermarch\u00e9. Nos enqu\u00eateurs sur le terrain parcourent chaque ann\u00e9e toutes les [&hellip;]<\/p>\n","protected":false},"author":8,"featured_media":0,"parent":0,"menu_order":0,"comment_status":"closed","ping_status":"closed","template":"","meta":[],"acf":[],"yoast_head":"<!-- This site is optimized with the Yoast SEO plugin v20.4 - https:\/\/yoast.com\/wordpress\/plugins\/seo\/ -->\n<title>Qui est Locatus? - Locatus<\/title>\n<meta name=\"description\" content=\"Locatus rassemble par ses propres moyens l\u2019information de base de tous les magasins et entreprises \u2018grand public\u2019 depuis plus de 20 ans\" \/>\n<meta name=\"robots\" content=\"index, follow, max-snippet:-1, max-image-preview:large, max-video-preview:-1\" \/>\n<link rel=\"canonical\" href=\"https:\/\/locatus.com\/fr\/qui-est-locatus\/\" \/>\n<meta property=\"og:locale\" content=\"fr_FR\" \/>\n<meta property=\"og:type\" content=\"article\" \/>\n<meta property=\"og:title\" content=\"Qui est Locatus? - Locatus\" \/>\n<meta property=\"og:description\" content=\"Locatus rassemble par ses propres moyens l\u2019information de base de tous les magasins et entreprises \u2018grand public\u2019 depuis plus de 20 ans\" \/>\n<meta property=\"og:url\" content=\"https:\/\/locatus.com\/fr\/qui-est-locatus\/\" \/>\n<meta property=\"og:site_name\" content=\"Locatus\" \/>\n<meta property=\"article:modified_time\" content=\"2023-07-25T13:19:21+00:00\" \/>\n<meta property=\"og:image\" content=\"https:\/\/locatus.com\/wp-content\/uploads\/2019\/12\/Infographic-4-sources-FR.jpg\" \/>\n<meta name=\"twitter:card\" content=\"summary_large_image\" \/>\n<meta name=\"twitter:label1\" content=\"Dur\u00e9e de lecture estim\u00e9e\" \/>\n\t<meta name=\"twitter:data1\" content=\"3 minutes\" \/>\n<script type=\"application\/ld+json\" class=\"yoast-schema-graph\">{\"@context\":\"https:\/\/schema.org\",\"@graph\":[{\"@type\":\"WebPage\",\"@id\":\"https:\/\/locatus.com\/fr\/qui-est-locatus\/\",\"url\":\"https:\/\/locatus.com\/fr\/qui-est-locatus\/\",\"name\":\"Qui est Locatus? - Locatus\",\"isPartOf\":{\"@id\":\"https:\/\/locatus.com\/#website\"},\"datePublished\":\"2016-11-14T13:38:21+00:00\",\"dateModified\":\"2023-07-25T13:19:21+00:00\",\"description\":\"Locatus rassemble par ses propres moyens l\u2019information de base de tous les magasins et entreprises \u2018grand public\u2019 depuis plus de 20 ans\",\"breadcrumb\":{\"@id\":\"https:\/\/locatus.com\/fr\/qui-est-locatus\/#breadcrumb\"},\"inLanguage\":\"fr-FR\",\"potentialAction\":[{\"@type\":\"ReadAction\",\"target\":[\"https:\/\/locatus.com\/fr\/qui-est-locatus\/\"]}]},{\"@type\":\"BreadcrumbList\",\"@id\":\"https:\/\/locatus.com\/fr\/qui-est-locatus\/#breadcrumb\",\"itemListElement\":[{\"@type\":\"ListItem\",\"position\":1,\"name\":\"Home\",\"item\":\"https:\/\/locatus.com\/fr\/\"},{\"@type\":\"ListItem\",\"position\":2,\"name\":\"Qui est Locatus?\"}]},{\"@type\":\"WebSite\",\"@id\":\"https:\/\/locatus.com\/#website\",\"url\":\"https:\/\/locatus.com\/\",\"name\":\"Locatus\",\"description\":\"\",\"potentialAction\":[{\"@type\":\"SearchAction\",\"target\":{\"@type\":\"EntryPoint\",\"urlTemplate\":\"https:\/\/locatus.com\/?s={search_term_string}\"},\"query-input\":\"required name=search_term_string\"}],\"inLanguage\":\"fr-FR\"}]}<\/script>\n<!-- \/ Yoast SEO plugin. -->","yoast_head_json":{"title":"Qui est Locatus? - Locatus","description":"Locatus rassemble par ses propres moyens l\u2019information de base de tous les magasins et entreprises \u2018grand public\u2019 depuis plus de 20 ans","robots":{"index":"index","follow":"follow","max-snippet":"max-snippet:-1","max-image-preview":"max-image-preview:large","max-video-preview":"max-video-preview:-1"},"canonical":"https:\/\/locatus.com\/fr\/qui-est-locatus\/","og_locale":"fr_FR","og_type":"article","og_title":"Qui est Locatus? - Locatus","og_description":"Locatus rassemble par ses propres moyens l\u2019information de base de tous les magasins et entreprises \u2018grand public\u2019 depuis plus de 20 ans","og_url":"https:\/\/locatus.com\/fr\/qui-est-locatus\/","og_site_name":"Locatus","article_modified_time":"2023-07-25T13:19:21+00:00","og_image":[{"url":"https:\/\/locatus.com\/wp-content\/uploads\/2019\/12\/Infographic-4-sources-FR.jpg"}],"twitter_card":"summary_large_image","twitter_misc":{"Dur\u00e9e de lecture estim\u00e9e":"3 minutes"},"schema":{"@context":"https:\/\/schema.org","@graph":[{"@type":"WebPage","@id":"https:\/\/locatus.com\/fr\/qui-est-locatus\/","url":"https:\/\/locatus.com\/fr\/qui-est-locatus\/","name":"Qui est Locatus? - Locatus","isPartOf":{"@id":"https:\/\/locatus.com\/#website"},"datePublished":"2016-11-14T13:38:21+00:00","dateModified":"2023-07-25T13:19:21+00:00","description":"Locatus rassemble par ses propres moyens l\u2019information de base de tous les magasins et entreprises \u2018grand public\u2019 depuis plus de 20 ans","breadcrumb":{"@id":"https:\/\/locatus.com\/fr\/qui-est-locatus\/#breadcrumb"},"inLanguage":"fr-FR","potentialAction":[{"@type":"ReadAction","target":["https:\/\/locatus.com\/fr\/qui-est-locatus\/"]}]},{"@type":"BreadcrumbList","@id":"https:\/\/locatus.com\/fr\/qui-est-locatus\/#breadcrumb","itemListElement":[{"@type":"ListItem","position":1,"name":"Home","item":"https:\/\/locatus.com\/fr\/"},{"@type":"ListItem","position":2,"name":"Qui est Locatus?"}]},{"@type":"WebSite","@id":"https:\/\/locatus.com\/#website","url":"https:\/\/locatus.com\/","name":"Locatus","description":"","potentialAction":[{"@type":"SearchAction","target":{"@type":"EntryPoint","urlTemplate":"https:\/\/locatus.com\/?s={search_term_string}"},"query-input":"required name=search_term_string"}],"inLanguage":"fr-FR"}]}},"_links":{"self":[{"href":"https:\/\/locatus.com\/fr\/wp-json\/wp\/v2\/pages\/6925"}],"collection":[{"href":"https:\/\/locatus.com\/fr\/wp-json\/wp\/v2\/pages"}],"about":[{"href":"https:\/\/locatus.com\/fr\/wp-json\/wp\/v2\/types\/page"}],"author":[{"embeddable":true,"href":"https:\/\/locatus.com\/fr\/wp-json\/wp\/v2\/users\/8"}],"replies":[{"embeddable":true,"href":"https:\/\/locatus.com\/fr\/wp-json\/wp\/v2\/comments?post=6925"}],"version-history":[{"count":14,"href":"https:\/\/locatus.com\/fr\/wp-json\/wp\/v2\/pages\/6925\/revisions"}],"predecessor-version":[{"id":21538,"href":"https:\/\/locatus.com\/fr\/wp-json\/wp\/v2\/pages\/6925\/revisions\/21538"}],"wp:attachment":[{"href":"https:\/\/locatus.com\/fr\/wp-json\/wp\/v2\/media?parent=6925"}],"curies":[{"name":"wp","href":"https:\/\/api.w.org\/{rel}","templated":true}]}}