{"id":8933,"date":"2018-08-23T15:08:32","date_gmt":"2018-08-23T14:08:32","guid":{"rendered":"https:\/\/locatus.com\/?page_id=8933"},"modified":"2023-07-14T15:14:21","modified_gmt":"2023-07-14T13:14:21","slug":"donnees2","status":"publish","type":"page","link":"https:\/\/locatus.com\/fr\/donnees2\/","title":{"rendered":"Donn\u00e9es"},"content":{"rendered":"<h2>Cartographie des magasins &amp; des zones commerciales<\/h2>\n<p>En mati\u00e8re de prise de d\u00e9cisions relatives aux magasins et \u00e0 l\u2019immobilier commercial, une information de qualit\u00e9 rev\u00eat une importance essentielle. O\u00f9 est implant\u00e9e la concurrence? A quoi ressemble l\u2019environnement de mon magasin? Qui sont mes voisins? A quoi ressemble l\u2019\u00e9ventail des boutiques? Quelle est l\u2019image du taux de fr\u00e9quentation? O\u00f9 sont les immeubles inoccup\u00e9s? O\u00f9 sont les p\u00f4les d\u2019attraction? Quelle est la taille des magasins (superficie de vente)? Comment se d\u00e9veloppe la zone commerciale? Locatus cartographie le paysage commercial via deux applications en ligne.<\/p>\n<div class=\"inline-gallery\">\n<div class=\"row row--cms\">\n<div class=\"col6\">\n                                <a href=\"https:\/\/locatus.com\/fr\/donnees\/explorateur-points-de-vente\/\" title=\"Les retail outlets cartographi\u00e9s\"><img src=\"https:\/\/locatus.com\/wp-content\/uploads\/2017\/02\/Verkooppunt-Verkenner-W-2-1-380x250.jpg\" class=\"wp-image alignnone size-full\"><\/a><\/p>\n<p class=\"italic small\">Les retail outlets cartographi\u00e9s<\/p>\n<p>                                            <a href=\"https:\/\/locatus.com\/fr\/donnees\/explorateur-points-de-vente\/\" class=\"button button--small button--wide button--support\">Explorateur Points de vente <\/a>\n                                <\/div>\n<div class=\"col6\">\n                                <a href=\"https:\/\/locatus.com\/fr\/donnees\/locatus-retail-plans\/\" title=\"Cartographie de 300 zones commerciales\"><img src=\"https:\/\/locatus.com\/wp-content\/uploads\/2017\/02\/Retail-Plan-Antwerpen2-380x250.jpg\" class=\"wp-image alignnone size-full\"><\/a><\/p>\n<p class=\"italic small\">Cartographie de 300 zones commerciales<\/p>\n<p>                                            <a href=\"https:\/\/locatus.com\/fr\/donnees\/locatus-retail-plans\/\" class=\"button button--small button--wide button--support\">Retail Plans<\/a>\n                                <\/div>\n<\/p><\/div>\n<\/p><\/div>\n<hr style=\"border:none;border-top:2px dotted #006A91;color:#fff;background-color:#fff;height:2px;\">\n<h2><strong>Passants et image du taux de fr\u00e9quentation des rues commer\u00e7antes<\/strong><\/h2>\n<p>S\u2019il n\u2019y a pas de passants, il n\u2019y a pas de chalands dans les magasins. Les passants permettent de se faire une id\u00e9e pr\u00e9cise de la partie d\u2019une zone commerciale pr\u00e9sentant le plus grand potentiel.<\/p>\n<div class=\"inline-gallery\">\n<div class=\"row row--cms\">\n<div class=\"col6\">\n                                <a href=\"https:\/\/locatus.com\/fr\/donnees\/rapport-sur-les-passants\/\" title=\"Rapports sur 160 zones commerciales\"><img src=\"https:\/\/locatus.com\/wp-content\/uploads\/2020\/02\/Winkelpassantenrapport-380x250.jpg\" class=\"wp-image alignnone size-full\"><\/a><\/p>\n<p class=\"italic small\">Rapports sur 160 zones commerciales<\/p>\n<p>                                            <a href=\"https:\/\/locatus.com\/fr\/donnees\/rapport-sur-les-passants\/\" class=\"button button--small button--wide button--support\">Rapports sur les passants <\/a>\n                                <\/div>\n<div class=\"col6\">\n                                <a href=\"https:\/\/locatus.com\/fr\/donnees\/comptage-sur-mesure-des-passants\/\" title=\"Comptage dans votre (vos) localit\u00e9(s)\"><img src=\"https:\/\/locatus.com\/wp-content\/uploads\/2020\/02\/Maatwerktellingen-380x250.jpg\" class=\"wp-image alignnone size-full\"><\/a><\/p>\n<p class=\"italic small\">Comptage dans votre (vos) localit\u00e9(s)<\/p>\n<p>                                            <a href=\"https:\/\/locatus.com\/fr\/donnees\/comptage-sur-mesure-des-passants\/\" class=\"button button--small button--wide button--support\">Comptage sur mesure des passants<\/a>\n                                <\/div>\n<\/p><\/div>\n<\/p><\/div>\n<hr style=\"border:none;border-top:2px dotted #006A91;color:#fff;background-color:#fff;height:2px;\">\n<h2><strong>Bien peser les risques des investissements<\/strong><\/h2>\n<p>Quels sont les forces\/faiblesses des rues commer\u00e7antes? O\u00f9 trouve-t-on le plus de b\u00e2timents inoccup\u00e9s?\u00a0 Autant d\u2019informations dont vous voulez avoir connaissance si vous devez prendre des d\u00e9cisions au sujet de l\u2019ouverture ou de la fermeture de magasins, ou d\u2019investissements dans l\u2019immobilier commercial.<\/p>\n<div class=\"inline-gallery\">\n<div class=\"row row--cms\">\n<div class=\"col6\">\n                                <a href=\"https:\/\/locatus.com\/fr\/donnees\/retail-risk-index-rri\/\" title=\"Cartographie des zones \u00e0 risque\"><img src=\"https:\/\/locatus.com\/wp-content\/uploads\/2017\/02\/RRI-Zwolle-380x250.jpg\" class=\"wp-image alignnone size-full\"><\/a><\/p>\n<p class=\"italic small\">Cartographie des zones \u00e0 risque<\/p>\n<p>                                            <a href=\"https:\/\/locatus.com\/fr\/donnees\/retail-risk-index-rri\/\" class=\"button button--small button--wide button--support\">Retail Risk Index (RRI) <\/a>\n                                <\/div>\n<div class=\"col6\">\n                                <a href=\"https:\/\/locatus.com\/fr\/donnees\/vacuite-des-locaux-commerciaux\/\" title=\"Inoccupation par zone commerciale, province, segment\"><img src=\"https:\/\/locatus.com\/wp-content\/uploads\/2020\/02\/Leegstand-380x250.jpg\" class=\"wp-image alignnone size-full\"><\/a><\/p>\n<p class=\"italic small\">Inoccupation par zone commerciale, province, segment<\/p>\n<p>                                            <a href=\"https:\/\/locatus.com\/fr\/donnees\/vacuite-des-locaux-commerciaux\/\" class=\"button button--small button--wide button--support\">Vacuit\u00e9 des locaux commerciaux<\/a>\n                                <\/div>\n<\/p><\/div>\n<\/p><\/div>\n<hr style=\"border:none;border-top:2px dotted #006A91;color:#fff;background-color:#fff;height:2px;\">\n<h2><strong>Potentiel en termes de chiffre d\u2019affaires et concurrence des commerces de d\u00e9tail<\/strong><\/h2>\n<p>La zone de chalandise est d\u00e9terminante pour le potentiel de votre magasin en termes de chiffre d\u2019affaires. Quelle est l\u2019ampleur de l\u2019attractivit\u00e9? Et quel est le profil de ces consommateurs? Ou encore analysez vos concurrents et\/ou vos \u00abvoisins parfaits\u00bb via le pack Retail.<\/p>\n<div class=\"inline-gallery\">\n<div class=\"row row--cms\">\n<div class=\"col6\">\n                                <a href=\"https:\/\/locatus.com\/fr\/donnees\/explorateur-zones-chalandise\/\" title=\"Quotidienne, comparative, cibl\u00e9e\"><img src=\"https:\/\/locatus.com\/wp-content\/uploads\/2017\/02\/Verzorgingsgebied-N-Nederla-380x250.jpg\" class=\"wp-image alignnone size-full\"><\/a><\/p>\n<p class=\"italic small\">Quotidienne, comparative, cibl\u00e9e<\/p>\n<p>                                            <a href=\"https:\/\/locatus.com\/fr\/donnees\/explorateur-zones-chalandise\/\" class=\"button button--small button--wide button--support\">Explorateur zones de chalandise <\/a>\n                                <\/div>\n<div class=\"col6\">\n                                <a href=\"https:\/\/locatus.com\/fr\/donnees\/pack-retail\" title=\"Toutes les infos sur les questions de (re)location\"><img src=\"https:\/\/locatus.com\/wp-content\/uploads\/2017\/12\/Opening-winkel2-380x250.jpg\" class=\"wp-image alignnone size-full\"><\/a><\/p>\n<p class=\"italic small\">Toutes les infos sur les questions de (re)location<\/p>\n<p>                                            <a href=\"https:\/\/locatus.com\/fr\/donnees\/pack-retail\" class=\"button button--small button--wide button--support\">Pack retail<\/a>\n                                <\/div>\n<\/p><\/div>\n<\/p><\/div>\n<hr style=\"border:none;border-top:2px dotted #006A91;color:#fff;background-color:#fff;height:2px;\">\n","protected":false},"excerpt":{"rendered":"<p>Cartographie des magasins &amp; des zones commerciales En mati\u00e8re de prise de d\u00e9cisions relatives aux magasins et \u00e0 l\u2019immobilier commercial, une information de qualit\u00e9 rev\u00eat une importance essentielle. O\u00f9 est implant\u00e9e la concurrence? A quoi ressemble l\u2019environnement de mon magasin? Qui sont mes voisins? A quoi ressemble l\u2019\u00e9ventail des boutiques? Quelle est l\u2019image du taux [&hellip;]<\/p>\n","protected":false},"author":8,"featured_media":0,"parent":0,"menu_order":0,"comment_status":"closed","ping_status":"closed","template":"templates\/template_products.php","meta":[],"acf":[],"yoast_head":"<!-- This site is optimized with the Yoast SEO plugin v20.4 - https:\/\/yoast.com\/wordpress\/plugins\/seo\/ -->\n<title>Donn\u00e9es - Locatus<\/title>\n<meta name=\"robots\" content=\"index, follow, max-snippet:-1, max-image-preview:large, max-video-preview:-1\" \/>\n<link rel=\"canonical\" href=\"https:\/\/locatus.com\/fr\/donnees2\/\" \/>\n<meta property=\"og:locale\" content=\"fr_FR\" \/>\n<meta property=\"og:type\" content=\"article\" \/>\n<meta property=\"og:title\" content=\"Donn\u00e9es - Locatus\" \/>\n<meta property=\"og:description\" content=\"Cartographie des magasins &amp; des zones commerciales En mati\u00e8re de prise de d\u00e9cisions relatives aux magasins et \u00e0 l\u2019immobilier commercial, une information de qualit\u00e9 rev\u00eat une importance essentielle. O\u00f9 est implant\u00e9e la concurrence? A quoi ressemble l\u2019environnement de mon magasin? Qui sont mes voisins? A quoi ressemble l\u2019\u00e9ventail des boutiques? Quelle est l\u2019image du taux [&hellip;]\" \/>\n<meta property=\"og:url\" content=\"https:\/\/locatus.com\/fr\/donnees2\/\" \/>\n<meta property=\"og:site_name\" content=\"Locatus\" \/>\n<meta property=\"article:modified_time\" content=\"2023-07-14T13:14:21+00:00\" \/>\n<meta name=\"twitter:card\" content=\"summary_large_image\" \/>\n<meta name=\"twitter:label1\" content=\"Dur\u00e9e de lecture estim\u00e9e\" \/>\n\t<meta name=\"twitter:data1\" content=\"2 minutes\" \/>\n<script type=\"application\/ld+json\" class=\"yoast-schema-graph\">{\"@context\":\"https:\/\/schema.org\",\"@graph\":[{\"@type\":\"WebPage\",\"@id\":\"https:\/\/locatus.com\/fr\/donnees2\/\",\"url\":\"https:\/\/locatus.com\/fr\/donnees2\/\",\"name\":\"Donn\u00e9es - Locatus\",\"isPartOf\":{\"@id\":\"https:\/\/locatus.com\/#website\"},\"datePublished\":\"2018-08-23T14:08:32+00:00\",\"dateModified\":\"2023-07-14T13:14:21+00:00\",\"breadcrumb\":{\"@id\":\"https:\/\/locatus.com\/fr\/donnees2\/#breadcrumb\"},\"inLanguage\":\"fr-FR\",\"potentialAction\":[{\"@type\":\"ReadAction\",\"target\":[\"https:\/\/locatus.com\/fr\/donnees2\/\"]}]},{\"@type\":\"BreadcrumbList\",\"@id\":\"https:\/\/locatus.com\/fr\/donnees2\/#breadcrumb\",\"itemListElement\":[{\"@type\":\"ListItem\",\"position\":1,\"name\":\"Home\",\"item\":\"https:\/\/locatus.com\/fr\/\"},{\"@type\":\"ListItem\",\"position\":2,\"name\":\"Donn\u00e9es\"}]},{\"@type\":\"WebSite\",\"@id\":\"https:\/\/locatus.com\/#website\",\"url\":\"https:\/\/locatus.com\/\",\"name\":\"Locatus\",\"description\":\"\",\"potentialAction\":[{\"@type\":\"SearchAction\",\"target\":{\"@type\":\"EntryPoint\",\"urlTemplate\":\"https:\/\/locatus.com\/?s={search_term_string}\"},\"query-input\":\"required name=search_term_string\"}],\"inLanguage\":\"fr-FR\"}]}<\/script>\n<!-- \/ Yoast SEO plugin. -->","yoast_head_json":{"title":"Donn\u00e9es - Locatus","robots":{"index":"index","follow":"follow","max-snippet":"max-snippet:-1","max-image-preview":"max-image-preview:large","max-video-preview":"max-video-preview:-1"},"canonical":"https:\/\/locatus.com\/fr\/donnees2\/","og_locale":"fr_FR","og_type":"article","og_title":"Donn\u00e9es - Locatus","og_description":"Cartographie des magasins &amp; des zones commerciales En mati\u00e8re de prise de d\u00e9cisions relatives aux magasins et \u00e0 l\u2019immobilier commercial, une information de qualit\u00e9 rev\u00eat une importance essentielle. O\u00f9 est implant\u00e9e la concurrence? A quoi ressemble l\u2019environnement de mon magasin? Qui sont mes voisins? A quoi ressemble l\u2019\u00e9ventail des boutiques? Quelle est l\u2019image du taux [&hellip;]","og_url":"https:\/\/locatus.com\/fr\/donnees2\/","og_site_name":"Locatus","article_modified_time":"2023-07-14T13:14:21+00:00","twitter_card":"summary_large_image","twitter_misc":{"Dur\u00e9e de lecture estim\u00e9e":"2 minutes"},"schema":{"@context":"https:\/\/schema.org","@graph":[{"@type":"WebPage","@id":"https:\/\/locatus.com\/fr\/donnees2\/","url":"https:\/\/locatus.com\/fr\/donnees2\/","name":"Donn\u00e9es - Locatus","isPartOf":{"@id":"https:\/\/locatus.com\/#website"},"datePublished":"2018-08-23T14:08:32+00:00","dateModified":"2023-07-14T13:14:21+00:00","breadcrumb":{"@id":"https:\/\/locatus.com\/fr\/donnees2\/#breadcrumb"},"inLanguage":"fr-FR","potentialAction":[{"@type":"ReadAction","target":["https:\/\/locatus.com\/fr\/donnees2\/"]}]},{"@type":"BreadcrumbList","@id":"https:\/\/locatus.com\/fr\/donnees2\/#breadcrumb","itemListElement":[{"@type":"ListItem","position":1,"name":"Home","item":"https:\/\/locatus.com\/fr\/"},{"@type":"ListItem","position":2,"name":"Donn\u00e9es"}]},{"@type":"WebSite","@id":"https:\/\/locatus.com\/#website","url":"https:\/\/locatus.com\/","name":"Locatus","description":"","potentialAction":[{"@type":"SearchAction","target":{"@type":"EntryPoint","urlTemplate":"https:\/\/locatus.com\/?s={search_term_string}"},"query-input":"required name=search_term_string"}],"inLanguage":"fr-FR"}]}},"_links":{"self":[{"href":"https:\/\/locatus.com\/fr\/wp-json\/wp\/v2\/pages\/8933"}],"collection":[{"href":"https:\/\/locatus.com\/fr\/wp-json\/wp\/v2\/pages"}],"about":[{"href":"https:\/\/locatus.com\/fr\/wp-json\/wp\/v2\/types\/page"}],"author":[{"embeddable":true,"href":"https:\/\/locatus.com\/fr\/wp-json\/wp\/v2\/users\/8"}],"replies":[{"embeddable":true,"href":"https:\/\/locatus.com\/fr\/wp-json\/wp\/v2\/comments?post=8933"}],"version-history":[{"count":15,"href":"https:\/\/locatus.com\/fr\/wp-json\/wp\/v2\/pages\/8933\/revisions"}],"predecessor-version":[{"id":11613,"href":"https:\/\/locatus.com\/fr\/wp-json\/wp\/v2\/pages\/8933\/revisions\/11613"}],"wp:attachment":[{"href":"https:\/\/locatus.com\/fr\/wp-json\/wp\/v2\/media?parent=8933"}],"curies":[{"name":"wp","href":"https:\/\/api.w.org\/{rel}","templated":true}]}}