{"id":9062,"date":"2018-09-24T13:20:07","date_gmt":"2018-09-24T12:20:07","guid":{"rendered":"https:\/\/locatus.com\/?page_id=9062"},"modified":"2025-02-05T15:41:04","modified_gmt":"2025-02-05T13:41:04","slug":"faites-la-connaissance-de-lequipe-de-locatus","status":"publish","type":"page","link":"https:\/\/locatus.com\/fr\/faites-la-connaissance-de-lequipe-de-locatus\/","title":{"rendered":"Faites la connaissance de l\u2019\u00e9quipe de Locatus"},"content":{"rendered":"<p>Depuis plus de 20 ans, Locatus recueille ses propres donn\u00e9es et communique cette information par le biais de plateformes en ligne. Notre \u00e9quipe est tr\u00e8s diversifi\u00e9e, allant d&rsquo;enqu\u00eateurs de terrain professionnels aux conseillers ou analystes de donn\u00e9es.<\/p>\n","protected":false},"excerpt":{"rendered":"<p>Depuis plus de 20 ans, Locatus recueille ses propres donn\u00e9es et communique cette information par le biais de plateformes en ligne. Notre \u00e9quipe est tr\u00e8s diversifi\u00e9e, allant d&rsquo;enqu\u00eateurs de terrain professionnels aux conseillers ou analystes de donn\u00e9es.<\/p>\n","protected":false},"author":8,"featured_media":0,"parent":0,"menu_order":0,"comment_status":"closed","ping_status":"closed","template":"","meta":[],"acf":[],"yoast_head":"<!-- This site is optimized with the Yoast SEO plugin v20.4 - https:\/\/yoast.com\/wordpress\/plugins\/seo\/ -->\n<title>Faites la connaissance de l\u2019\u00e9quipe de Locatus - Locatus<\/title>\n<meta name=\"robots\" content=\"index, follow, max-snippet:-1, max-image-preview:large, max-video-preview:-1\" \/>\n<link rel=\"canonical\" href=\"https:\/\/locatus.com\/fr\/faites-la-connaissance-de-lequipe-de-locatus\/\" \/>\n<meta property=\"og:locale\" content=\"fr_FR\" \/>\n<meta property=\"og:type\" content=\"article\" \/>\n<meta property=\"og:title\" content=\"Faites la connaissance de l\u2019\u00e9quipe de Locatus - Locatus\" \/>\n<meta property=\"og:description\" content=\"Depuis plus de 20 ans, Locatus recueille ses propres donn\u00e9es et communique cette information par le biais de plateformes en ligne. Notre \u00e9quipe est tr\u00e8s diversifi\u00e9e, allant d&rsquo;enqu\u00eateurs de terrain professionnels aux conseillers ou analystes de donn\u00e9es.\" \/>\n<meta property=\"og:url\" content=\"https:\/\/locatus.com\/fr\/faites-la-connaissance-de-lequipe-de-locatus\/\" \/>\n<meta property=\"og:site_name\" content=\"Locatus\" \/>\n<meta property=\"article:modified_time\" content=\"2025-02-05T13:41:04+00:00\" \/>\n<meta name=\"twitter:card\" content=\"summary_large_image\" \/>\n<meta name=\"twitter:label1\" content=\"Dur\u00e9e de lecture estim\u00e9e\" \/>\n\t<meta name=\"twitter:data1\" content=\"1 minute\" \/>\n<script type=\"application\/ld+json\" class=\"yoast-schema-graph\">{\"@context\":\"https:\/\/schema.org\",\"@graph\":[{\"@type\":\"WebPage\",\"@id\":\"https:\/\/locatus.com\/fr\/faites-la-connaissance-de-lequipe-de-locatus\/\",\"url\":\"https:\/\/locatus.com\/fr\/faites-la-connaissance-de-lequipe-de-locatus\/\",\"name\":\"Faites la connaissance de l\u2019\u00e9quipe de Locatus - Locatus\",\"isPartOf\":{\"@id\":\"https:\/\/locatus.com\/#website\"},\"datePublished\":\"2018-09-24T12:20:07+00:00\",\"dateModified\":\"2025-02-05T13:41:04+00:00\",\"breadcrumb\":{\"@id\":\"https:\/\/locatus.com\/fr\/faites-la-connaissance-de-lequipe-de-locatus\/#breadcrumb\"},\"inLanguage\":\"fr-FR\",\"potentialAction\":[{\"@type\":\"ReadAction\",\"target\":[\"https:\/\/locatus.com\/fr\/faites-la-connaissance-de-lequipe-de-locatus\/\"]}]},{\"@type\":\"BreadcrumbList\",\"@id\":\"https:\/\/locatus.com\/fr\/faites-la-connaissance-de-lequipe-de-locatus\/#breadcrumb\",\"itemListElement\":[{\"@type\":\"ListItem\",\"position\":1,\"name\":\"Home\",\"item\":\"https:\/\/locatus.com\/fr\/\"},{\"@type\":\"ListItem\",\"position\":2,\"name\":\"Faites la connaissance de l\u2019\u00e9quipe de Locatus\"}]},{\"@type\":\"WebSite\",\"@id\":\"https:\/\/locatus.com\/#website\",\"url\":\"https:\/\/locatus.com\/\",\"name\":\"Locatus\",\"description\":\"\",\"potentialAction\":[{\"@type\":\"SearchAction\",\"target\":{\"@type\":\"EntryPoint\",\"urlTemplate\":\"https:\/\/locatus.com\/?s={search_term_string}\"},\"query-input\":\"required name=search_term_string\"}],\"inLanguage\":\"fr-FR\"}]}<\/script>\n<!-- \/ Yoast SEO plugin. -->","yoast_head_json":{"title":"Faites la connaissance de l\u2019\u00e9quipe de Locatus - Locatus","robots":{"index":"index","follow":"follow","max-snippet":"max-snippet:-1","max-image-preview":"max-image-preview:large","max-video-preview":"max-video-preview:-1"},"canonical":"https:\/\/locatus.com\/fr\/faites-la-connaissance-de-lequipe-de-locatus\/","og_locale":"fr_FR","og_type":"article","og_title":"Faites la connaissance de l\u2019\u00e9quipe de Locatus - Locatus","og_description":"Depuis plus de 20 ans, Locatus recueille ses propres donn\u00e9es et communique cette information par le biais de plateformes en ligne. Notre \u00e9quipe est tr\u00e8s diversifi\u00e9e, allant d&rsquo;enqu\u00eateurs de terrain professionnels aux conseillers ou analystes de donn\u00e9es.","og_url":"https:\/\/locatus.com\/fr\/faites-la-connaissance-de-lequipe-de-locatus\/","og_site_name":"Locatus","article_modified_time":"2025-02-05T13:41:04+00:00","twitter_card":"summary_large_image","twitter_misc":{"Dur\u00e9e de lecture estim\u00e9e":"1 minute"},"schema":{"@context":"https:\/\/schema.org","@graph":[{"@type":"WebPage","@id":"https:\/\/locatus.com\/fr\/faites-la-connaissance-de-lequipe-de-locatus\/","url":"https:\/\/locatus.com\/fr\/faites-la-connaissance-de-lequipe-de-locatus\/","name":"Faites la connaissance de l\u2019\u00e9quipe de Locatus - Locatus","isPartOf":{"@id":"https:\/\/locatus.com\/#website"},"datePublished":"2018-09-24T12:20:07+00:00","dateModified":"2025-02-05T13:41:04+00:00","breadcrumb":{"@id":"https:\/\/locatus.com\/fr\/faites-la-connaissance-de-lequipe-de-locatus\/#breadcrumb"},"inLanguage":"fr-FR","potentialAction":[{"@type":"ReadAction","target":["https:\/\/locatus.com\/fr\/faites-la-connaissance-de-lequipe-de-locatus\/"]}]},{"@type":"BreadcrumbList","@id":"https:\/\/locatus.com\/fr\/faites-la-connaissance-de-lequipe-de-locatus\/#breadcrumb","itemListElement":[{"@type":"ListItem","position":1,"name":"Home","item":"https:\/\/locatus.com\/fr\/"},{"@type":"ListItem","position":2,"name":"Faites la connaissance de l\u2019\u00e9quipe de Locatus"}]},{"@type":"WebSite","@id":"https:\/\/locatus.com\/#website","url":"https:\/\/locatus.com\/","name":"Locatus","description":"","potentialAction":[{"@type":"SearchAction","target":{"@type":"EntryPoint","urlTemplate":"https:\/\/locatus.com\/?s={search_term_string}"},"query-input":"required name=search_term_string"}],"inLanguage":"fr-FR"}]}},"_links":{"self":[{"href":"https:\/\/locatus.com\/fr\/wp-json\/wp\/v2\/pages\/9062"}],"collection":[{"href":"https:\/\/locatus.com\/fr\/wp-json\/wp\/v2\/pages"}],"about":[{"href":"https:\/\/locatus.com\/fr\/wp-json\/wp\/v2\/types\/page"}],"author":[{"embeddable":true,"href":"https:\/\/locatus.com\/fr\/wp-json\/wp\/v2\/users\/8"}],"replies":[{"embeddable":true,"href":"https:\/\/locatus.com\/fr\/wp-json\/wp\/v2\/comments?post=9062"}],"version-history":[{"count":12,"href":"https:\/\/locatus.com\/fr\/wp-json\/wp\/v2\/pages\/9062\/revisions"}],"predecessor-version":[{"id":24036,"href":"https:\/\/locatus.com\/fr\/wp-json\/wp\/v2\/pages\/9062\/revisions\/24036"}],"wp:attachment":[{"href":"https:\/\/locatus.com\/fr\/wp-json\/wp\/v2\/media?parent=9062"}],"curies":[{"name":"wp","href":"https:\/\/api.w.org\/{rel}","templated":true}]}}